{"id":3,"date":"2023-08-07T16:31:47","date_gmt":"2023-08-07T16:31:47","guid":{"rendered":"https:\/\/motorgt.com.co\/?page_id=3"},"modified":"2023-08-28T14:55:19","modified_gmt":"2023-08-28T14:55:19","slug":"terminos-y-condiciones","status":"publish","type":"page","link":"https:\/\/motorgt.com.co\/index.php\/terminos-y-condiciones\/","title":{"rendered":"T\u00e9rminos y Condiciones"},"content":{"rendered":"\n<h2 class=\"wp-block-heading\">Quienes somos<\/h2>\n\n\n\n<p>Somos Centro de Ense\u00f1anza automovil\u00edstica (CEA) Motor GT Auto Club SAS  NIT. 900946768-2, tenemos m\u00e1s de 8 a\u00f1os en el mercado formando conductores y capacitando empresas en su plan de seguridad vial, nos caracterizamos por ofrecer una experiencia de aprendizaje y entrenamiento que cumple altos estandares de calidad y excelencia operativa. <\/p>\n\n\n\n<h2 class=\"wp-block-heading\">Portal WEB<\/h2>\n\n\n\n<p>\u00c9ste portal WEB tiene como funci\u00f3n ofrecer serivicios educativos en el sector de automovil\u00edstico para guiar a los usuarios en su proceso de aprendizaje en el manejao de veh\u00edculos, y facilitar la realci\u00f3n comercial entre estudiantes y la empresa. el uso de peste portal y su contenido esta sujeto a las condiciones de uso que m\u00e1s adelante se expondr\u00e1n, las personas que decidan acceder a los servicios se obligan a cumplir con los t\u00e9rminos y leyes aplicables.<\/p>\n\n\n\n<h2 class=\"wp-block-heading\">Condiciones de uso<\/h2>\n\n\n\n<p>Las siguientes disposiciones regulan el acceso y uso de este sitio web www.motorgt.com.co  La navegaci\u00f3n por este sitio web atribuye la condici\u00f3n de usuario a toda persona f\u00edsica interesada en los productos y servicios de esta p\u00e1gina e implica la aceptaci\u00f3n plena y sin reservas del presente aviso legal.<\/p>\n\n\n\n<p>El usuario acepta de forma expresa y sin excepciones que el acceso y la utilizaci\u00f3n del presente sitio web, de sus servicios y sus contenidos tiene lugar bajo su \u00fanica y exclusiva responsabilidad. En el caso de que el usuario no estuviera de acuerdo con el contenido de las presentes condiciones, deber\u00e1 abandonar este sitio web, no pudiendo disponer de los servicios que se ofrecen.<\/p>\n\n\n\n<p>El acceso a esta web tiene car\u00e1cter libre y gratuito y no requiere suscripci\u00f3n o registro.<\/p>\n\n\n\n<h2 class=\"wp-block-heading\"><strong>Propiedad intelectual<\/strong><\/h2>\n\n\n\n<p>Todos los derechos sobre el contenido del presente sitio web pertenecen a CEA MotorGT y su entorno digital desarrollado por Mundigraphics S.A.S,  El dise\u00f1o, contenidos, textos, fotograf\u00edas, im\u00e1genes, mapas, gr\u00e1ficos, marcas, nombres comerciales, ilustraciones, banners, estructura de p\u00e1gina y de navegaci\u00f3n, o c\u00f3digo fuente de este sitio son titularidad del Centro De ense\u00f1anza Automovil\u00edstica Motor GT Auto CLUB S.A.S , que posee leg\u00edtimamente los derechos de explotaci\u00f3n pertinentes.<\/p>\n\n\n\n<p>Los logotipos de otras sociedades que pudieran aparecer son titularidad de cada una de ellas, disponiendo leg\u00edtimamente los derechos de explotaci\u00f3n sobre los mismos.<\/p>\n\n\n\n<p>En ning\u00fan caso, el usuario que acceda a este sitio web puede copiar, modificar, distribuir, transmitir, reproducir, publicar, ceder, vender los elementos anteriormente mencionados o crear  servicios a partir de la informaci\u00f3n obtenida, a excepci\u00f3n de que cuente con autorizaci\u00f3n expresa y por escrito por el Centro De Ense\u00f1anza Automovilistica. Este material est\u00e1 protegido por la legislaci\u00f3n de la propiedad intelectual y su uso indebido puede ser objeto incluso de sanciones penales.<\/p>\n\n\n\n<h2 class=\"wp-block-heading\"><strong>Exenci\u00f3n de responsabilidad<\/strong><\/h2>\n\n\n\n<p>Tratamos de ofrecer informaci\u00f3n \u00fatil y actualizada, pero no podemos garantizar la completa veracidad, exactitud, actualizaci\u00f3n y operatividad de todos los contenidos y servicios. Eludimos por tanto todo tipo de responsabilidad por los posibles da\u00f1os o perjuicios de cualquier \u00edndole que los usuarios pudieran sufrir por la utilizaci\u00f3n de datos incompletos, inexactos o desactualizados<\/p>\n\n\n\n<p>Los procesos de incrpici\u00f3n de todos los aspirantes se har\u00e1n desde las sedes administrativas junto con el usuario a prop\u00f3sito de mantener un proceso facil, claro y transparente.<\/p>\n\n\n\n<h2 class=\"wp-block-heading\">Certificaciones y permisos<\/h2>\n\n\n\n<p><\/p>\n\n\n\n<p>En el Centro de Ense\u00f1anza Automovil\u00edstica contamos con todos los permisos y certificaciones descritas por el Distrito y el Gobierno nacional de Colombia para poder Operar garantizandole a nuestro estudiantes la legitimidad de su proceso a trav\u00e9s del <a href=\"https:\/\/www.mintransporte.gov.co\/publicaciones\/10838\/supertransporte-publica-resultados-de-la-consultoria-que-estudia-la-contratacion-del-sistema-de-control-y-vigilancia--sicov-en-los-terminos-de-la-ley-2050-de-2020\/\">SICOV<\/a>.<\/p>\n\n\n\n<h2 class=\"wp-block-heading\">COVID &#8211; 19<\/h2>\n\n\n\n<p>El prestar un servicio que mantiene un contacto directo con el p\u00fablico, mantenmos los protocolos de covid-19 , descritos en la organizaci\u00f3n mundial de la salud <a href=\"https:\/\/www.who.int\/es\/health-topics\/coronavirus#tab=tab_1\">OMS<\/a> porque estamos comprometidos con la salud de nuestros usuarios y del pa\u00eds. <\/p>\n\n\n\n<figure class=\"wp-block-image aligncenter size-large\"><img decoding=\"async\" loading=\"lazy\" width=\"1024\" height=\"768\" src=\"https:\/\/motorgt.com.co\/wp-content\/uploads\/2023\/08\/nuevo-conductor-1024x768.jpg\" alt=\"\" class=\"wp-image-2739\" srcset=\"https:\/\/motorgt.com.co\/wp-content\/uploads\/2023\/08\/nuevo-conductor-1024x768.jpg 1024w, https:\/\/motorgt.com.co\/wp-content\/uploads\/2023\/08\/nuevo-conductor-300x225.jpg 300w, https:\/\/motorgt.com.co\/wp-content\/uploads\/2023\/08\/nuevo-conductor-768x576.jpg 768w, https:\/\/motorgt.com.co\/wp-content\/uploads\/2023\/08\/nuevo-conductor-600x450.jpg 600w, https:\/\/motorgt.com.co\/wp-content\/uploads\/2023\/08\/nuevo-conductor.jpg 1032w\" sizes=\"(max-width: 1024px) 100vw, 1024px\" \/><\/figure>\n","protected":false},"excerpt":{"rendered":"<p>Quienes somos Somos Centro de Ense\u00f1anza automovil\u00edstica (CEA) Motor GT Auto Club SAS NIT. 900946768-2, tenemos m\u00e1s de 8 a\u00f1os en el mercado formando conductores y capacitando empresas en su plan de seguridad vial, nos caracterizamos por ofrecer una experiencia de aprendizaje y entrenamiento que cumple altos estandares de calidad y excelencia operativa. Portal WEB &hellip;<\/p>\n<p class=\"read-more\"> <a class=\"\" href=\"https:\/\/motorgt.com.co\/index.php\/terminos-y-condiciones\/\"> <span class=\"screen-reader-text\">T\u00e9rminos y Condiciones<\/span> Leer m\u00e1s &raquo;<\/a><\/p>\n","protected":false},"author":1,"featured_media":0,"parent":0,"menu_order":0,"comment_status":"closed","ping_status":"closed","template":"","meta":{"_uag_custom_page_level_css":"","site-sidebar-layout":"default","site-content-layout":"default","ast-global-header-display":"","ast-banner-title-visibility":"","ast-main-header-display":"","ast-hfb-above-header-display":"","ast-hfb-below-header-display":"","ast-hfb-mobile-header-display":"","site-post-title":"","ast-breadcrumbs-content":"","ast-featured-img":"","footer-sml-layout":"","theme-transparent-header-meta":"","adv-header-id-meta":"","stick-header-meta":"","header-above-stick-meta":"","header-main-stick-meta":"","header-below-stick-meta":"","_joinchat":[]},"uagb_featured_image_src":{"full":false,"thumbnail":false,"medium":false,"medium_large":false,"large":false,"1536x1536":false,"2048x2048":false,"mailpoet_newsletter_max":false},"uagb_author_info":{"display_name":"Mundigraphics","author_link":"https:\/\/motorgt.com.co\/index.php\/author\/mundigraphics\/"},"uagb_comment_info":0,"uagb_excerpt":"Quienes somos Somos Centro de Ense\u00f1anza automovil\u00edstica (CEA) Motor GT Auto Club SAS NIT. 900946768-2, tenemos m\u00e1s de 8 a\u00f1os en el mercado formando conductores y capacitando empresas en su plan de seguridad vial, nos caracterizamos por ofrecer una experiencia de aprendizaje y entrenamiento que cumple altos estandares de calidad y excelencia operativa. Portal WEB&hellip;","_links":{"self":[{"href":"https:\/\/motorgt.com.co\/index.php\/wp-json\/wp\/v2\/pages\/3"}],"collection":[{"href":"https:\/\/motorgt.com.co\/index.php\/wp-json\/wp\/v2\/pages"}],"about":[{"href":"https:\/\/motorgt.com.co\/index.php\/wp-json\/wp\/v2\/types\/page"}],"author":[{"embeddable":true,"href":"https:\/\/motorgt.com.co\/index.php\/wp-json\/wp\/v2\/users\/1"}],"replies":[{"embeddable":true,"href":"https:\/\/motorgt.com.co\/index.php\/wp-json\/wp\/v2\/comments?post=3"}],"version-history":[{"count":5,"href":"https:\/\/motorgt.com.co\/index.php\/wp-json\/wp\/v2\/pages\/3\/revisions"}],"predecessor-version":[{"id":2769,"href":"https:\/\/motorgt.com.co\/index.php\/wp-json\/wp\/v2\/pages\/3\/revisions\/2769"}],"wp:attachment":[{"href":"https:\/\/motorgt.com.co\/index.php\/wp-json\/wp\/v2\/media?parent=3"}],"curies":[{"name":"wp","href":"https:\/\/api.w.org\/{rel}","templated":true}]}}