{"id":2695,"date":"2023-08-20T17:26:20","date_gmt":"2023-08-20T17:26:20","guid":{"rendered":"https:\/\/motorgt.com.co\/?page_id=2695"},"modified":"2023-08-20T17:39:11","modified_gmt":"2023-08-20T17:39:11","slug":"pqrs","status":"publish","type":"page","link":"https:\/\/motorgt.com.co\/index.php\/pqrs\/","title":{"rendered":"PQRS"},"content":{"rendered":"\n<div class=\"wp-block-uagb-container uagb-block-2eee02fa alignfull uagb-is-root-container\"><div class=\"uagb-container-inner-blocks-wrap\">\n<div class=\"wp-block-uagb-container uagb-block-1c53e7fc\">\n<div class=\"wp-block-uagb-advanced-heading uagb-block-06c7c217\"><h2 class=\"uagb-heading-text\">Atenci\u00f3n al cliente<\/h2><\/div>\n\n\n\n<div class=\"wp-block-uagb-advanced-heading uagb-block-f256c681\"><h4 class=\"uagb-heading-text\">Querido usuario, tu nos importas<\/h4><\/div>\n\n\n\n<div class=\"wp-block-uagb-advanced-heading uagb-block-27c80d27\">\n<h4 class=\"uagb-heading-text\">deseamos conocer tu opini\u00f3n<\/h4>\n<p class=\"uagb-desc-text\">En el centro de ense\u00f1anza MotorGT permanecemos en constante mejora cont\u00ednua, por eso nuestro equipo estar\u00e1 atento para resolver tus inquietudes.\u00a0<\/p>\n<\/div>\n<\/div>\n\n\n\n<div class=\"wp-block-uagb-container uagb-block-16fbf900\">\n<div class=\"wp-block-uagb-image uagb-block-742cc4e6 wp-block-uagb-image--layout-default wp-block-uagb-image--effect-static wp-block-uagb-image--align-none\"><figure class=\"wp-block-uagb-image__figure\"><img decoding=\"async\" srcset=\"https:\/\/motorgt.com.co\/wp-content\/uploads\/2023\/08\/rehabilitacion-1024x1024.jpg ,https:\/\/motorgt.com.co\/wp-content\/uploads\/2023\/08\/placeholder-square-black.png 780w, https:\/\/motorgt.com.co\/wp-content\/uploads\/2023\/08\/placeholder-square-black.png 360w\" sizes=\"(max-width: 480px) 150px\" src=\"https:\/\/motorgt.com.co\/wp-content\/uploads\/2023\/08\/rehabilitacion-1024x1024.jpg\" alt=\"\" class=\"uag-image-2586\" width=\"1024\" height=\"1024\" title=\"\" loading=\"lazy\"\/><\/figure><\/div>\n<\/div>\n<\/div><\/div>\n\n\n<div class=\"wpforms-container \" id=\"wpforms-2690\"><form id=\"wpforms-form-2690\" class=\"wpforms-validate wpforms-form wpforms-ajax-form\" data-formid=\"2690\" method=\"post\" enctype=\"multipart\/form-data\" action=\"\/index.php\/wp-json\/wp\/v2\/pages\/2695\" data-token=\"a9067d5d5b0e5787ba70ba02ce98af5c\"><noscript class=\"wpforms-error-noscript\">Por favor, activa JavaScript en tu navegador para completar este formulario.<\/noscript><div class=\"wpforms-field-container\"><div id=\"wpforms-2690-field_1-container\" class=\"wpforms-field wpforms-field-text\" data-field-id=\"1\"><label class=\"wpforms-field-label\" for=\"wpforms-2690-field_1\">Escriba su nombre  <span class=\"wpforms-required-label\">*<\/span><\/label><input type=\"text\" id=\"wpforms-2690-field_1\" class=\"wpforms-field-medium wpforms-field-required\" name=\"wpforms[fields][1]\" required><\/div><div id=\"wpforms-2690-field_2-container\" class=\"wpforms-field wpforms-field-email\" data-field-id=\"2\"><label class=\"wpforms-field-label\" for=\"wpforms-2690-field_2\">Email <span class=\"wpforms-required-label\">*<\/span><\/label><input type=\"email\" id=\"wpforms-2690-field_2\" class=\"wpforms-field-medium wpforms-field-required\" name=\"wpforms[fields][2]\" spellcheck=\"false\" required><\/div><div id=\"wpforms-2690-field_3-container\" class=\"wpforms-field wpforms-field-select wpforms-field-select-style-classic\" data-field-id=\"3\"><label class=\"wpforms-field-label\" for=\"wpforms-2690-field_3\">Seleccione <\/label><select id=\"wpforms-2690-field_3\" class=\"wpforms-field-medium\" name=\"wpforms[fields][3]\"><option value=\"Felicitaciones\" >Felicitaciones<\/option><option value=\"Solicitud\" >Solicitud<\/option><option value=\"Quejas y Peticiones\" >Quejas y Peticiones<\/option><option value=\"Sugerencias\" >Sugerencias<\/option><\/select><\/div><div id=\"wpforms-2690-field_4-container\" class=\"wpforms-field wpforms-field-textarea\" data-field-id=\"4\"><label class=\"wpforms-field-label\" for=\"wpforms-2690-field_4\">Describa su petici\u00f3n<\/label><textarea id=\"wpforms-2690-field_4\" class=\"wpforms-field-medium\" name=\"wpforms[fields][4]\" ><\/textarea><div class=\"wpforms-field-description\">Escriba sus inquietudes, nuestro equipo estar\u00e1 atento para responder en el menor tiempo tus inquitudes<\/div><\/div><\/div><!-- .wpforms-field-container --><div class=\"wpforms-submit-container\" ><input type=\"hidden\" name=\"wpforms[id]\" value=\"2690\"><input type=\"hidden\" name=\"wpforms[author]\" value=\"1\"><button type=\"submit\" name=\"wpforms[submit]\" id=\"wpforms-submit-2690\" class=\"wpforms-submit\" data-alt-text=\"Enviando...\" data-submit-text=\"Enviar\" aria-live=\"assertive\" value=\"wpforms-submit\">Enviar<\/button><img src=\"https:\/\/motorgt.com.co\/wp-content\/plugins\/wpforms-lite\/assets\/images\/submit-spin.svg\" class=\"wpforms-submit-spinner\" style=\"display: none;\" width=\"26\" height=\"26\" alt=\"Cargando\"><\/div><\/form><\/div>  <!-- .wpforms-container -->\n","protected":false},"excerpt":{"rendered":"<p>Atenci\u00f3n al cliente Querido usuario, tu nos importas deseamos conocer tu opini\u00f3n En el centro de ense\u00f1anza MotorGT permanecemos en constante mejora cont\u00ednua, por eso nuestro equipo estar\u00e1 atento para resolver tus inquietudes.\u00a0<\/p>\n","protected":false},"author":1,"featured_media":0,"parent":0,"menu_order":0,"comment_status":"closed","ping_status":"closed","template":"","meta":{"_uag_custom_page_level_css":"","site-sidebar-layout":"default","site-content-layout":"default","ast-global-header-display":"","ast-banner-title-visibility":"","ast-main-header-display":"","ast-hfb-above-header-display":"","ast-hfb-below-header-display":"","ast-hfb-mobile-header-display":"","site-post-title":"","ast-breadcrumbs-content":"","ast-featured-img":"","footer-sml-layout":"","theme-transparent-header-meta":"","adv-header-id-meta":"","stick-header-meta":"","header-above-stick-meta":"","header-main-stick-meta":"","header-below-stick-meta":"","_joinchat":[]},"uagb_featured_image_src":{"full":false,"thumbnail":false,"medium":false,"medium_large":false,"large":false,"1536x1536":false,"2048x2048":false,"mailpoet_newsletter_max":false},"uagb_author_info":{"display_name":"Mundigraphics","author_link":"https:\/\/motorgt.com.co\/index.php\/author\/mundigraphics\/"},"uagb_comment_info":0,"uagb_excerpt":"Atenci\u00f3n al cliente Querido usuario, tu nos importas deseamos conocer tu opini\u00f3n En el centro de ense\u00f1anza MotorGT permanecemos en constante mejora cont\u00ednua, por eso nuestro equipo estar\u00e1 atento para resolver tus inquietudes.\u00a0","_links":{"self":[{"href":"https:\/\/motorgt.com.co\/index.php\/wp-json\/wp\/v2\/pages\/2695"}],"collection":[{"href":"https:\/\/motorgt.com.co\/index.php\/wp-json\/wp\/v2\/pages"}],"about":[{"href":"https:\/\/motorgt.com.co\/index.php\/wp-json\/wp\/v2\/types\/page"}],"author":[{"embeddable":true,"href":"https:\/\/motorgt.com.co\/index.php\/wp-json\/wp\/v2\/users\/1"}],"replies":[{"embeddable":true,"href":"https:\/\/motorgt.com.co\/index.php\/wp-json\/wp\/v2\/comments?post=2695"}],"version-history":[{"count":3,"href":"https:\/\/motorgt.com.co\/index.php\/wp-json\/wp\/v2\/pages\/2695\/revisions"}],"predecessor-version":[{"id":2703,"href":"https:\/\/motorgt.com.co\/index.php\/wp-json\/wp\/v2\/pages\/2695\/revisions\/2703"}],"wp:attachment":[{"href":"https:\/\/motorgt.com.co\/index.php\/wp-json\/wp\/v2\/media?parent=2695"}],"curies":[{"name":"wp","href":"https:\/\/api.w.org\/{rel}","templated":true}]}}