{"id":2679,"date":"2023-08-14T03:31:23","date_gmt":"2023-08-14T03:31:23","guid":{"rendered":"https:\/\/motorgt.com.co\/?page_id=2679"},"modified":"2023-08-28T00:16:25","modified_gmt":"2023-08-28T00:16:25","slug":"trabaje-con-nosotros","status":"publish","type":"page","link":"https:\/\/motorgt.com.co\/index.php\/trabaje-con-nosotros\/","title":{"rendered":"Trabaje con nosotros"},"content":{"rendered":"\n<p>Estamos en la busqueda constante de talento humano que nos permita conformar equipos  que tengan como objetivo mantener los altos est\u00e1ndares de calidad en la prestaci\u00f3n de servicios.<\/p>\n\n\n\n<div class=\"wp-block-uagb-container uagb-block-4b33e9d2 alignfull uagb-is-root-container\"><div class=\"uagb-container-inner-blocks-wrap\">\n<div class=\"wp-block-uagb-container uagb-block-7169766e\">\n<div class=\"wp-block-uagb-info-box uagb-block-779efff3 uagb-infobox__content-wrap  uagb-infobox-icon-above-title uagb-infobox-image-valign-top\"><div class=\"uagb-ifb-content\"><div class=\"uagb-ifb-image-content\"><img decoding=\"async\" src=\"https:\/\/motorgt.com.co\/wp-content\/uploads\/2023\/08\/9rJrAuo.png\" alt=\"\" width=\"876\" height=\"593\" loading=\"lazy\"\/><\/div><div class=\"uagb-ifb-title-wrap\"><h4 class=\"uagb-ifb-title\">Maestro Al Volante<\/h4><\/div><p class=\"uagb-ifb-desc\">Nuestros gu\u00edas en la v\u00eda transfieren todo el conociento, seguridad y confianza, cuidando los veh\u00edculos y generando una experiencia segura, tranquila y con alto contenido de aprendizaje.<\/p><\/div><\/div>\n<\/div>\n\n\n\n<div class=\"wp-block-uagb-container uagb-block-2d26ac92\">\n<div class=\"wp-block-uagb-info-box uagb-block-92935ef6 uagb-infobox__content-wrap  uagb-infobox-icon-above-title uagb-infobox-image-valign-top\"><div class=\"uagb-ifb-content\"><div class=\"uagb-ifb-image-content\"><img decoding=\"async\" src=\"https:\/\/motorgt.com.co\/wp-content\/uploads\/2023\/08\/z202j8v.png\" alt=\"\" width=\"2668\" height=\"1957\" loading=\"lazy\"\/><\/div><div class=\"uagb-ifb-title-wrap\"><h4 class=\"uagb-ifb-title\">Equipo Administrativo<\/h4><\/div><p class=\"uagb-ifb-desc\">Mantenemos una comunicaci\u00f3n asertiva con nuestros usuarios en la planeaci\u00f3 y ejecuci\u00f3n de nuestras clases pr\u00e1cticas, te\u00f3ricas corporativas.  <br><\/p><\/div><\/div>\n<\/div>\n\n\n\n<div class=\"wp-block-uagb-container uagb-block-4cb84930\">\n<div class=\"wp-block-uagb-info-box uagb-block-9bb0554b uagb-infobox__content-wrap  uagb-infobox-icon-above-title uagb-infobox-image-valign-top\"><div class=\"uagb-ifb-content\"><div class=\"uagb-ifb-image-content\"><img decoding=\"async\" src=\"https:\/\/motorgt.com.co\/wp-content\/uploads\/2023\/08\/WMIuFp3-1.png\" alt=\"\" width=\"2667\" height=\"1957\" loading=\"lazy\"\/><\/div><div class=\"uagb-ifb-title-wrap\"><h4 class=\"uagb-ifb-title\">HuB de Capacitaci\u00f3n<\/h4><\/div><p class=\"uagb-ifb-desc\">Nuestro personal de entrenamiento y capacitaci\u00f3n corporativa mantiene en constante preparaci\u00f3n para ofrecer servicios con la mejor experiencia y tecnolog\u00eda.<\/p><\/div><\/div>\n<\/div>\n<\/div><\/div>\n\n\n<!-- WPForms: no fields, form hidden -->\n","protected":false},"excerpt":{"rendered":"<p>Estamos en la busqueda constante de talento humano que nos permita conformar equipos que tengan como objetivo mantener los altos est\u00e1ndares de calidad en la prestaci\u00f3n de servicios.<\/p>\n","protected":false},"author":1,"featured_media":0,"parent":0,"menu_order":0,"comment_status":"closed","ping_status":"closed","template":"","meta":{"_uag_custom_page_level_css":"","site-sidebar-layout":"default","site-content-layout":"default","ast-global-header-display":"","ast-banner-title-visibility":"","ast-main-header-display":"","ast-hfb-above-header-display":"","ast-hfb-below-header-display":"","ast-hfb-mobile-header-display":"","site-post-title":"","ast-breadcrumbs-content":"","ast-featured-img":"","footer-sml-layout":"","theme-transparent-header-meta":"","adv-header-id-meta":"","stick-header-meta":"","header-above-stick-meta":"","header-main-stick-meta":"","header-below-stick-meta":"","_joinchat":[]},"uagb_featured_image_src":{"full":false,"thumbnail":false,"medium":false,"medium_large":false,"large":false,"1536x1536":false,"2048x2048":false,"mailpoet_newsletter_max":false},"uagb_author_info":{"display_name":"Mundigraphics","author_link":"https:\/\/motorgt.com.co\/index.php\/author\/mundigraphics\/"},"uagb_comment_info":0,"uagb_excerpt":"Estamos en la busqueda constante de talento humano que nos permita conformar equipos que tengan como objetivo mantener los altos est\u00e1ndares de calidad en la prestaci\u00f3n de servicios.","_links":{"self":[{"href":"https:\/\/motorgt.com.co\/index.php\/wp-json\/wp\/v2\/pages\/2679"}],"collection":[{"href":"https:\/\/motorgt.com.co\/index.php\/wp-json\/wp\/v2\/pages"}],"about":[{"href":"https:\/\/motorgt.com.co\/index.php\/wp-json\/wp\/v2\/types\/page"}],"author":[{"embeddable":true,"href":"https:\/\/motorgt.com.co\/index.php\/wp-json\/wp\/v2\/users\/1"}],"replies":[{"embeddable":true,"href":"https:\/\/motorgt.com.co\/index.php\/wp-json\/wp\/v2\/comments?post=2679"}],"version-history":[{"count":10,"href":"https:\/\/motorgt.com.co\/index.php\/wp-json\/wp\/v2\/pages\/2679\/revisions"}],"predecessor-version":[{"id":2734,"href":"https:\/\/motorgt.com.co\/index.php\/wp-json\/wp\/v2\/pages\/2679\/revisions\/2734"}],"wp:attachment":[{"href":"https:\/\/motorgt.com.co\/index.php\/wp-json\/wp\/v2\/media?parent=2679"}],"curies":[{"name":"wp","href":"https:\/\/api.w.org\/{rel}","templated":true}]}}