{"id":2423,"date":"2023-08-07T17:24:53","date_gmt":"2023-08-07T17:24:53","guid":{"rendered":"https:\/\/motorgt.com.co\/?page_id=2423"},"modified":"2023-10-02T19:19:10","modified_gmt":"2023-10-02T19:19:10","slug":"cursos-de-conduccion","status":"publish","type":"page","link":"https:\/\/motorgt.com.co\/index.php\/cursos-de-conduccion\/","title":{"rendered":"Cursos de Conducci\u00f3n"},"content":{"rendered":"\n<div class=\"wp-block-uagb-container uagb-block-b67ef4aa alignfull uagb-is-root-container\"><div class=\"uagb-container-inner-blocks-wrap\">\n<div class=\"wp-block-uagb-container uagb-block-9b6415a6\">\n<div class=\"wp-block-uagb-image uagb-block-b2026cff wp-block-uagb-image--layout-default wp-block-uagb-image--effect-static wp-block-uagb-image--align-none\"><figure class=\"wp-block-uagb-image__figure\"><img decoding=\"async\" srcset=\"https:\/\/motorgt.com.co\/wp-content\/uploads\/2023\/08\/nuevo-conductor-1024x768.jpg \" sizes=\"(max-width: 480px) 150px\" src=\"https:\/\/motorgt.com.co\/wp-content\/uploads\/2023\/08\/nuevo-conductor-1024x768.jpg\" alt=\"\" class=\"uag-image-2739\" width=\"988\" height=\"741\" title=\"\" loading=\"lazy\"\/><\/figure><\/div>\n<\/div>\n\n\n\n<div class=\"wp-block-uagb-container uagb-block-c9834173\">\n<div class=\"wp-block-uagb-info-box uagb-block-07bb0b70 uagb-infobox__content-wrap  uagb-infobox-icon-above-title uagb-infobox-image-valign-top\"><div class=\"uagb-ifb-content\"><div class=\"uagb-ifb-title-wrap\"><h1 class=\"uagb-ifb-title\">Construimos la movilidad que impulsa a Colombia. <\/h1><\/div><p class=\"uagb-ifb-desc\">Contamos con toda la infraestructura para que puedas capacitarte en nuestro centro de ense\u00f1anza automovil\u00edsitica.<\/p><\/div><\/div>\n<\/div>\n<\/div><\/div>\n\n\n\n<div class=\"wp-block-uagb-container uagb-block-3367911d alignfull uagb-is-root-container\"><div class=\"uagb-container-inner-blocks-wrap\">\n<div class=\"wp-block-uagb-info-box uagb-block-e270e180 uagb-infobox__content-wrap  uagb-infobox-icon-above-title uagb-infobox-image-valign-top\"><div class=\"uagb-ifb-content\"><div class=\"uagb-ifb-title-wrap\"><span class=\"uagb-ifb-title-prefix\">Oferta<\/span><h2 class=\"uagb-ifb-title\">Nuestros Cursos de conducci\u00f3n<\/h2><\/div><\/div><\/div>\n\n\n\n<div class=\"wp-block-uagb-container uagb-block-cfaf6c9f\">\n<div class=\"wp-block-uagb-container uagb-block-d13281b2\">\n<div class=\"wp-block-uagb-info-box uagb-block-9f2606a4 uagb-infobox__content-wrap  uagb-infobox-icon-above-title uagb-infobox-image-valign-top\"><div class=\"uagb-ifb-content\"><div class=\"uagb-ifb-image-content\"><img decoding=\"async\" src=\"https:\/\/motorgt.com.co\/wp-content\/uploads\/2023\/08\/motocarretera.jpg\" alt=\"\" width=\"350\" height=\"350\" loading=\"lazy\"\/><\/div><div class=\"uagb-ifb-title-wrap\"><h4 class=\"uagb-ifb-title\"><strong>A-2 Motocicleta<\/strong><\/h4><\/div><p class=\"uagb-ifb-desc\">Motocicleta &#8211; Motocarro<\/p><\/div><\/div>\n<\/div>\n\n\n\n<div class=\"wp-block-uagb-container uagb-block-44f4935b\">\n<div class=\"wp-block-uagb-info-box uagb-block-64f89295 uagb-infobox__content-wrap  uagb-infobox-icon-above-title uagb-infobox-image-valign-top\"><div class=\"uagb-ifb-content\"><div class=\"uagb-ifb-image-content\"><img decoding=\"async\" src=\"https:\/\/motorgt.com.co\/wp-content\/uploads\/2023\/08\/carroparticular-1024x1024.jpg\" alt=\"\" width=\"1024\" height=\"1024\" loading=\"lazy\"\/><\/div><div class=\"uagb-ifb-title-wrap\"><h4 class=\"uagb-ifb-title\"><strong>B-1 Particular<\/strong><\/h4><\/div><p class=\"uagb-ifb-desc\">Automovil, Camioneta, SVU.<\/p><\/div><\/div>\n<\/div>\n\n\n\n<div class=\"wp-block-uagb-container uagb-block-758244bc\">\n<div class=\"wp-block-uagb-info-box uagb-block-05740ab5 uagb-infobox__content-wrap  uagb-infobox-icon-above-title uagb-infobox-image-valign-top\"><div class=\"uagb-ifb-content\"><div class=\"uagb-ifb-image-content\"><img decoding=\"async\" src=\"https:\/\/motorgt.com.co\/wp-content\/uploads\/2023\/08\/serviciopublico-1024x1024.jpg\" alt=\"\" width=\"1024\" height=\"1024\" loading=\"lazy\"\/><\/div><div class=\"uagb-ifb-title-wrap\"><h4 class=\"uagb-ifb-title\"><strong>C-1 P\u00fablico<\/strong><\/h4><\/div><p class=\"uagb-ifb-desc\">Vehiculos con placa blanca.<\/p><\/div><\/div>\n<\/div>\n<\/div>\n<\/div><\/div>\n\n\n\n<div class=\"wp-block-media-text alignfull is-stacked-on-mobile is-vertically-aligned-center has-ast-global-color-0-background-color has-background\" style=\"grid-template-columns:48% auto\"><figure class=\"wp-block-media-text__media\"><img decoding=\"async\" loading=\"lazy\" width=\"1024\" height=\"751\" src=\"https:\/\/motorgt.com.co\/wp-content\/uploads\/2023\/08\/7eJEjV0-1-1024x751.png\" alt=\"\" class=\"wp-image-2760 size-full\" srcset=\"https:\/\/motorgt.com.co\/wp-content\/uploads\/2023\/08\/7eJEjV0-1-1024x751.png 1024w, https:\/\/motorgt.com.co\/wp-content\/uploads\/2023\/08\/7eJEjV0-1-300x220.png 300w, https:\/\/motorgt.com.co\/wp-content\/uploads\/2023\/08\/7eJEjV0-1-768x564.png 768w, https:\/\/motorgt.com.co\/wp-content\/uploads\/2023\/08\/7eJEjV0-1-1536x1127.png 1536w, https:\/\/motorgt.com.co\/wp-content\/uploads\/2023\/08\/7eJEjV0-1-2048x1503.png 2048w, https:\/\/motorgt.com.co\/wp-content\/uploads\/2023\/08\/7eJEjV0-1-1320x969.png 1320w, https:\/\/motorgt.com.co\/wp-content\/uploads\/2023\/08\/7eJEjV0-1-600x440.png 600w\" sizes=\"(max-width: 1024px) 100vw, 1024px\" \/><\/figure><div class=\"wp-block-media-text__content\">\n<h4 class=\"wp-block-heading has-ast-global-color-4-color has-text-color\">A &#8211; 2<\/h4>\n\n\n\n<h2 class=\"wp-block-heading has-text-color\" style=\"color:#ffffff\">Curso de Motocicleta &#8211; MotoCarro<\/h2>\n\n\n\n<p class=\"has-text-color\" style=\"color:#ffffff\">Para acceder a la licencia de conducci\u00f3n CATEGORIA A-2, se tiene un plan educativo que se compone de 45 HORAS ACAD\u00c9MICAS en las que adquirir\u00e1s conocimiento te\u00f3rico y desarrollar\u00e1s habilidades de conducci\u00f3n pr\u00e1cticas, que te permitir\u00e1n desenvolverte en la v\u00eda con agilidad y seguridad. Las clases son dictadas por instructores expertos en comunicaci\u00f3n y ense\u00f1anza en el tr\u00e1fico cotidiano y en diferentes contextos de este. Algunos de los conocimientos de mayor enfoque en el marco de las clases son: Normas de tr\u00e1nsito, manejo del espacio, equilibrio, Uso de espejos y giros, manejo defensivo, respeto por los dem\u00e1s actores viales.<a href=\"https:\/\/websitedemos.net\/wireframes\/about\/?brainstormforce=pTXyytedV9E9TFhT#\"><\/a><\/p>\n\n\n\n<div class=\"wp-block-columns is-layout-flex wp-container-2\">\n<div class=\"wp-block-column is-layout-flow\" style=\"flex-basis:100%\">\n<figure class=\"wp-block-table is-style-regular\"><table class=\"has-ast-global-color-7-color has-text-color\"><thead><tr><th class=\"has-text-align-center\" data-align=\"center\">TIPO <\/th><th class=\"has-text-align-center\" data-align=\"center\">CATEGOR\u00cdA<\/th><\/tr><\/thead><tbody><tr><td class=\"has-text-align-center\" data-align=\"center\"> <img decoding=\"async\" loading=\"lazy\" width=\"307\" height=\"349\" class=\"wp-image-2883\" style=\"width: 20px;\" src=\"https:\/\/motorgt.com.co\/wp-content\/uploads\/2023\/10\/teoricos-02.png\" alt=\"\" srcset=\"https:\/\/motorgt.com.co\/wp-content\/uploads\/2023\/10\/teoricos-02.png 307w, https:\/\/motorgt.com.co\/wp-content\/uploads\/2023\/10\/teoricos-02-264x300.png 264w\" sizes=\"(max-width: 307px) 100vw, 307px\" \/>  Te\u00f3ricas<\/td><td class=\"has-text-align-center\" data-align=\"center\">25 Horas<\/td><\/tr><tr><td class=\"has-text-align-center\" data-align=\"center\"><img decoding=\"async\" loading=\"lazy\" width=\"307\" height=\"349\" class=\"wp-image-2885\" style=\"width: 20px;\" src=\"https:\/\/motorgt.com.co\/wp-content\/uploads\/2023\/10\/taller-02.png\" alt=\"\" srcset=\"https:\/\/motorgt.com.co\/wp-content\/uploads\/2023\/10\/taller-02.png 307w, https:\/\/motorgt.com.co\/wp-content\/uploads\/2023\/10\/taller-02-264x300.png 264w\" sizes=\"(max-width: 307px) 100vw, 307px\" \/>  Taller<\/td><td class=\"has-text-align-center\" data-align=\"center\">3 Horas<\/td><\/tr><tr><td class=\"has-text-align-center\" data-align=\"center\"><img decoding=\"async\" loading=\"lazy\" width=\"441\" height=\"349\" class=\"wp-image-2890\" style=\"width: 30px;\" src=\"https:\/\/motorgt.com.co\/wp-content\/uploads\/2023\/10\/car-02.png\" alt=\"\" srcset=\"https:\/\/motorgt.com.co\/wp-content\/uploads\/2023\/10\/car-02.png 441w, https:\/\/motorgt.com.co\/wp-content\/uploads\/2023\/10\/car-02-300x237.png 300w\" sizes=\"(max-width: 441px) 100vw, 441px\" \/>  Pr\u00e1cticas<\/td><td class=\"has-text-align-center\" data-align=\"center\">15 Horas<\/td><\/tr><tr><td class=\"has-text-align-center\" data-align=\"center\">Total<\/td><td class=\"has-text-align-center\" data-align=\"center\">43 Horas<\/td><\/tr><\/tbody><\/table><\/figure>\n<\/div>\n<\/div>\n<\/div><\/div>\n\n\n\n<div class=\"wp-block-media-text alignfull is-stacked-on-mobile is-vertically-aligned-center has-ast-global-color-7-background-color has-background\" style=\"grid-template-columns:45% auto\"><figure class=\"wp-block-media-text__media\"><img decoding=\"async\" loading=\"lazy\" width=\"876\" height=\"593\" src=\"https:\/\/motorgt.com.co\/wp-content\/uploads\/2023\/08\/9rJrAuo.png\" alt=\"\" class=\"wp-image-2724 size-full\" srcset=\"https:\/\/motorgt.com.co\/wp-content\/uploads\/2023\/08\/9rJrAuo.png 876w, https:\/\/motorgt.com.co\/wp-content\/uploads\/2023\/08\/9rJrAuo-300x203.png 300w, https:\/\/motorgt.com.co\/wp-content\/uploads\/2023\/08\/9rJrAuo-768x520.png 768w, https:\/\/motorgt.com.co\/wp-content\/uploads\/2023\/08\/9rJrAuo-600x406.png 600w\" sizes=\"(max-width: 876px) 100vw, 876px\" \/><\/figure><div class=\"wp-block-media-text__content\">\n<h4 class=\"wp-block-heading has-ast-global-color-0-color has-text-color\">C &#8211; 1<\/h4>\n\n\n\n<h2 class=\"wp-block-heading has-ast-global-color-0-color has-text-color\">Curso de veh\u00edculo Servicio P\u00fablico<\/h2>\n\n\n\n<p class=\"has-ast-global-color-0-color has-text-color\">Para acceder a la licencia de conducci\u00f3n CATEGORIA C-1, hemos dise\u00f1ado plan de desarrollo de competencias que se orientan a desarrollas las competencias para conducir un veh\u00edculo de servicio p\u00fablico con las mejores t\u00e9cnicas de conducci\u00f3n y \u00e9tica que esta categor\u00eda requiere para brindar seguridad y confort en el desarrollo de su actividad productiva.<a href=\"https:\/\/websitedemos.net\/wireframes\/about\/?brainstormforce=pTXyytedV9E9TFhT#\"><\/a><\/p>\n\n\n\n<figure class=\"wp-block-table is-style-regular\"><table class=\"has-ast-global-color-0-color has-text-color\"><thead><tr><th class=\"has-text-align-center\" data-align=\"center\">TIPO<\/th><th class=\"has-text-align-center\" data-align=\"center\">CATEGOR\u00cdA<\/th><\/tr><\/thead><tbody><tr><td class=\"has-text-align-center\" data-align=\"center\"><img decoding=\"async\" loading=\"lazy\" width=\"441\" height=\"349\" class=\"wp-image-2904\" style=\"width: 40px;\" src=\"https:\/\/motorgt.com.co\/wp-content\/uploads\/2023\/10\/icon-teor-02.png\" alt=\"\" srcset=\"https:\/\/motorgt.com.co\/wp-content\/uploads\/2023\/10\/icon-teor-02.png 441w, https:\/\/motorgt.com.co\/wp-content\/uploads\/2023\/10\/icon-teor-02-300x237.png 300w\" sizes=\"(max-width: 441px) 100vw, 441px\" \/>Te\u00f3ricas<\/td><td class=\"has-text-align-center\" data-align=\"center\">25 Horas<\/td><\/tr><tr><td class=\"has-text-align-center\" data-align=\"center\"><img decoding=\"async\" loading=\"lazy\" width=\"441\" height=\"349\" class=\"wp-image-2911\" style=\"width: 40px;\" src=\"https:\/\/motorgt.com.co\/wp-content\/uploads\/2023\/10\/talle-bl-02.png\" alt=\"\" srcset=\"https:\/\/motorgt.com.co\/wp-content\/uploads\/2023\/10\/talle-bl-02.png 441w, https:\/\/motorgt.com.co\/wp-content\/uploads\/2023\/10\/talle-bl-02-300x237.png 300w\" sizes=\"(max-width: 441px) 100vw, 441px\" \/>  Taller<\/td><td class=\"has-text-align-center\" data-align=\"center\">5 Horas<\/td><\/tr><tr><td class=\"has-text-align-center\" data-align=\"center\"> <img decoding=\"async\" loading=\"lazy\" width=\"441\" height=\"349\" class=\"wp-image-2898\" style=\"width: 40px;\" src=\"https:\/\/motorgt.com.co\/wp-content\/uploads\/2023\/10\/servicio-publico-02.png\" alt=\"\" srcset=\"https:\/\/motorgt.com.co\/wp-content\/uploads\/2023\/10\/servicio-publico-02.png 441w, https:\/\/motorgt.com.co\/wp-content\/uploads\/2023\/10\/servicio-publico-02-300x237.png 300w\" sizes=\"(max-width: 441px) 100vw, 441px\" \/>  Pr\u00e1cticas<\/td><td class=\"has-text-align-center\" data-align=\"center\">20 Horas<\/td><\/tr><tr><td class=\"has-text-align-center\" data-align=\"center\">Total<\/td><td class=\"has-text-align-center\" data-align=\"center\">45 Horas<\/td><\/tr><\/tbody><\/table><\/figure>\n<\/div><\/div>\n\n\n\n<div class=\"wp-block-media-text alignfull is-stacked-on-mobile is-vertically-aligned-center has-ast-global-color-1-background-color has-background\" style=\"grid-template-columns:45% auto\"><figure class=\"wp-block-media-text__media\"><img decoding=\"async\" loading=\"lazy\" width=\"1024\" height=\"1024\" src=\"https:\/\/motorgt.com.co\/wp-content\/uploads\/2023\/08\/evaluacion-1-1024x1024.jpg\" alt=\"\" class=\"wp-image-2547 size-full\" srcset=\"https:\/\/motorgt.com.co\/wp-content\/uploads\/2023\/08\/evaluacion-1-1024x1024.jpg 1024w, https:\/\/motorgt.com.co\/wp-content\/uploads\/2023\/08\/evaluacion-1-300x300.jpg 300w, https:\/\/motorgt.com.co\/wp-content\/uploads\/2023\/08\/evaluacion-1-150x150.jpg 150w, https:\/\/motorgt.com.co\/wp-content\/uploads\/2023\/08\/evaluacion-1-768x768.jpg 768w, https:\/\/motorgt.com.co\/wp-content\/uploads\/2023\/08\/evaluacion-1-1320x1320.jpg 1320w, https:\/\/motorgt.com.co\/wp-content\/uploads\/2023\/08\/evaluacion-1-600x600.jpg 600w, https:\/\/motorgt.com.co\/wp-content\/uploads\/2023\/08\/evaluacion-1-100x100.jpg 100w, https:\/\/motorgt.com.co\/wp-content\/uploads\/2023\/08\/evaluacion-1.jpg 1455w\" sizes=\"(max-width: 1024px) 100vw, 1024px\" \/><\/figure><div class=\"wp-block-media-text__content\">\n<h4 class=\"wp-block-heading has-ast-global-color-4-color has-text-color\">B &#8211; 1<\/h4>\n\n\n\n<h2 class=\"wp-block-heading has-text-color\" style=\"color:#ffffff\">Curso de veh\u00edculo Particular.<\/h2>\n\n\n\n<p class=\"has-text-color\" style=\"color:#ffffff\">Para acceder a la licencia de conducci\u00f3n CATEGORIA B-1, se tiene un plan educativo que se compone de 50 HORAS ACAD\u00c9MICAS, orientadas a que adquieras todos las herramientas te\u00f3ricas y pr\u00e1cticas para conducir un autom\u00f3vil particular en contextos urbanos y de carretera, que te permitir\u00e1n desenvolverte en la v\u00eda con agilidad y seguridad. Las clases son dictadas por instructores expertos en comunicaci\u00f3n y ense\u00f1anza en el tr\u00e1fico cotidiano y en diferentes contextos de este. Algunos de los conocimientos de mayor enfoque en el marco de las clases son: Mec\u00e1nica b\u00e1sica, normas de tr\u00e1nsito, t\u00e9cnicas de conducci\u00f3n, conducci\u00f3n en pendientes, manejo defensivo y respeto por los dem\u00e1s actores viales, entre otras.<a href=\"https:\/\/websitedemos.net\/wireframes\/about\/?brainstormforce=pTXyytedV9E9TFhT#\"><\/a><\/p>\n\n\n\n<figure class=\"wp-block-table is-style-regular\"><table class=\"has-ast-global-color-7-color has-text-color\"><thead><tr><th class=\"has-text-align-center\" data-align=\"center\">TIPO<\/th><th class=\"has-text-align-center\" data-align=\"center\">CATEGOR\u00cdA<\/th><\/tr><\/thead><tbody><tr><td class=\"has-text-align-center\" data-align=\"center\"><img decoding=\"async\" loading=\"lazy\" width=\"307\" height=\"349\" class=\"wp-image-2883\" style=\"width: 20px;\" src=\"https:\/\/motorgt.com.co\/wp-content\/uploads\/2023\/10\/teoricos-02.png\" alt=\"\" srcset=\"https:\/\/motorgt.com.co\/wp-content\/uploads\/2023\/10\/teoricos-02.png 307w, https:\/\/motorgt.com.co\/wp-content\/uploads\/2023\/10\/teoricos-02-264x300.png 264w\" sizes=\"(max-width: 307px) 100vw, 307px\" \/> Te\u00f3ricas<\/td><td class=\"has-text-align-center\" data-align=\"center\">25 Horas<\/td><\/tr><tr><td class=\"has-text-align-center\" data-align=\"center\"><img decoding=\"async\" loading=\"lazy\" width=\"307\" height=\"349\" class=\"wp-image-2885\" style=\"width: 20px;\" src=\"https:\/\/motorgt.com.co\/wp-content\/uploads\/2023\/10\/taller-02.png\" alt=\"\" srcset=\"https:\/\/motorgt.com.co\/wp-content\/uploads\/2023\/10\/taller-02.png 307w, https:\/\/motorgt.com.co\/wp-content\/uploads\/2023\/10\/taller-02-264x300.png 264w\" sizes=\"(max-width: 307px) 100vw, 307px\" \/> Taller<\/td><td class=\"has-text-align-center\" data-align=\"center\">5 Horas<\/td><\/tr><tr><td class=\"has-text-align-center\" data-align=\"center\"> <img decoding=\"async\" loading=\"lazy\" width=\"441\" height=\"349\" class=\"wp-image-2890\" style=\"width: 40px;\" src=\"https:\/\/motorgt.com.co\/wp-content\/uploads\/2023\/10\/car-02.png\" alt=\"\" srcset=\"https:\/\/motorgt.com.co\/wp-content\/uploads\/2023\/10\/car-02.png 441w, https:\/\/motorgt.com.co\/wp-content\/uploads\/2023\/10\/car-02-300x237.png 300w\" sizes=\"(max-width: 441px) 100vw, 441px\" \/>Pr\u00e1cticas<\/td><td class=\"has-text-align-center\" data-align=\"center\">20 Horas<\/td><\/tr><tr><td class=\"has-text-align-center\" data-align=\"center\">Total<\/td><td class=\"has-text-align-center\" data-align=\"center\">45 Horas<\/td><\/tr><\/tbody><\/table><\/figure>\n<\/div><\/div>\n\n\n\n<div class=\"wp-block-media-text alignfull is-stacked-on-mobile is-vertically-aligned-center has-ast-global-color-7-background-color has-background\" style=\"grid-template-columns:45% auto\"><figure class=\"wp-block-media-text__media\"><img decoding=\"async\" loading=\"lazy\" width=\"1024\" height=\"768\" src=\"https:\/\/motorgt.com.co\/wp-content\/uploads\/2023\/08\/carro-motorgt-1024x768.jpg\" alt=\"\" class=\"wp-image-2847 size-full\" srcset=\"https:\/\/motorgt.com.co\/wp-content\/uploads\/2023\/08\/carro-motorgt-1024x768.jpg 1024w, https:\/\/motorgt.com.co\/wp-content\/uploads\/2023\/08\/carro-motorgt-300x225.jpg 300w, https:\/\/motorgt.com.co\/wp-content\/uploads\/2023\/08\/carro-motorgt-768x576.jpg 768w, https:\/\/motorgt.com.co\/wp-content\/uploads\/2023\/08\/carro-motorgt.jpg 1280w\" sizes=\"(max-width: 1024px) 100vw, 1024px\" \/><\/figure><div class=\"wp-block-media-text__content\">\n<h4 class=\"wp-block-heading has-ast-global-color-0-color has-text-color\">Recategorizaci\u00f3n<\/h4>\n\n\n\n<h2 class=\"wp-block-heading has-ast-global-color-0-color has-text-color\">Curso para Recategorizaci\u00f3n<\/h2>\n\n\n\n<p class=\"has-ast-global-color-0-color has-text-color\">Para la recategorizaci\u00f3n para licencia de conducci\u00f3n B1 a C1, tenemos dise\u00f1ado un plan de aprendizaje que se compone de 15 horas Acad\u00e9micas, 5 te\u00f3ricas y 10 pr\u00e1cticas, enfocadas a fortalecer las competencias que un conductor de servicio p\u00fablico debe poseer para brindar seguridad y confort en el desarrollo de su actividad productiva..<a href=\"https:\/\/websitedemos.net\/wireframes\/about\/?brainstormforce=pTXyytedV9E9TFhT#\"><\/a><\/p>\n\n\n\n<figure class=\"wp-block-table is-style-regular\"><table class=\"has-ast-global-color-0-color has-text-color\"><thead><tr><th class=\"has-text-align-center\" data-align=\"center\">TIPO<\/th><th class=\"has-text-align-center\" data-align=\"center\">CATEGOR\u00cdA<\/th><\/tr><\/thead><tbody><tr><td class=\"has-text-align-center\" data-align=\"center\"><img decoding=\"async\" loading=\"lazy\" width=\"307\" height=\"349\" class=\"wp-image-2883\" style=\"width: 20px;\" src=\"https:\/\/motorgt.com.co\/wp-content\/uploads\/2023\/10\/teoricos-02.png\" alt=\"\" srcset=\"https:\/\/motorgt.com.co\/wp-content\/uploads\/2023\/10\/teoricos-02.png 307w, https:\/\/motorgt.com.co\/wp-content\/uploads\/2023\/10\/teoricos-02-264x300.png 264w\" sizes=\"(max-width: 307px) 100vw, 307px\" \/> <img decoding=\"async\" loading=\"lazy\" width=\"441\" height=\"349\" class=\"wp-image-2904\" style=\"width: 40px;\" src=\"https:\/\/motorgt.com.co\/wp-content\/uploads\/2023\/10\/icon-teor-02.png\" alt=\"\" srcset=\"https:\/\/motorgt.com.co\/wp-content\/uploads\/2023\/10\/icon-teor-02.png 441w, https:\/\/motorgt.com.co\/wp-content\/uploads\/2023\/10\/icon-teor-02-300x237.png 300w\" sizes=\"(max-width: 441px) 100vw, 441px\" \/>Te\u00f3ricas<\/td><td class=\"has-text-align-center\" data-align=\"center\">25 Horas<\/td><\/tr><tr><td class=\"has-text-align-center\" data-align=\"center\"><img decoding=\"async\" loading=\"lazy\" width=\"441\" height=\"349\" class=\"wp-image-2911\" style=\"width: 40px;\" src=\"https:\/\/motorgt.com.co\/wp-content\/uploads\/2023\/10\/talle-bl-02.png\" alt=\"\" srcset=\"https:\/\/motorgt.com.co\/wp-content\/uploads\/2023\/10\/talle-bl-02.png 441w, https:\/\/motorgt.com.co\/wp-content\/uploads\/2023\/10\/talle-bl-02-300x237.png 300w\" sizes=\"(max-width: 441px) 100vw, 441px\" \/>Taller<\/td><td class=\"has-text-align-center\" data-align=\"center\">5 Horas<\/td><\/tr><tr><td class=\"has-text-align-center\" data-align=\"center\"> <img decoding=\"async\" loading=\"lazy\" width=\"441\" height=\"349\" class=\"wp-image-2898\" style=\"width: 40px;\" src=\"https:\/\/motorgt.com.co\/wp-content\/uploads\/2023\/10\/servicio-publico-02.png\" alt=\"\" srcset=\"https:\/\/motorgt.com.co\/wp-content\/uploads\/2023\/10\/servicio-publico-02.png 441w, https:\/\/motorgt.com.co\/wp-content\/uploads\/2023\/10\/servicio-publico-02-300x237.png 300w\" sizes=\"(max-width: 441px) 100vw, 441px\" \/>  Pr\u00e1cticas<\/td><td class=\"has-text-align-center\" data-align=\"center\">20 Horas<\/td><\/tr><tr><td class=\"has-text-align-center\" data-align=\"center\">Total<\/td><td class=\"has-text-align-center\" data-align=\"center\">45 Horas<\/td><\/tr><\/tbody><\/table><\/figure>\n<\/div><\/div>\n","protected":false},"excerpt":{"rendered":"<p>C &#8211; 1 Curso de veh\u00edculo Servicio P\u00fablico Para acceder a la licencia de conducci\u00f3n CATEGORIA C-1, hemos dise\u00f1ado plan de desarrollo de competencias que se orientan a desarrollas las competencias para conducir un veh\u00edculo de servicio p\u00fablico con las mejores t\u00e9cnicas de conducci\u00f3n y \u00e9tica que esta categor\u00eda requiere para brindar seguridad y confort &hellip;<\/p>\n<p class=\"read-more\"> <a class=\"\" href=\"https:\/\/motorgt.com.co\/index.php\/cursos-de-conduccion\/\"> <span class=\"screen-reader-text\">Cursos de Conducci\u00f3n<\/span> Leer m\u00e1s &raquo;<\/a><\/p>\n","protected":false},"author":1,"featured_media":0,"parent":0,"menu_order":0,"comment_status":"closed","ping_status":"closed","template":"","meta":{"_uag_custom_page_level_css":"","site-sidebar-layout":"default","site-content-layout":"default","ast-global-header-display":"","ast-banner-title-visibility":"","ast-main-header-display":"","ast-hfb-above-header-display":"","ast-hfb-below-header-display":"","ast-hfb-mobile-header-display":"","site-post-title":"disabled","ast-breadcrumbs-content":"","ast-featured-img":"","footer-sml-layout":"","theme-transparent-header-meta":"","adv-header-id-meta":"","stick-header-meta":"","header-above-stick-meta":"","header-main-stick-meta":"","header-below-stick-meta":"","_joinchat":[]},"uagb_featured_image_src":{"full":false,"thumbnail":false,"medium":false,"medium_large":false,"large":false,"1536x1536":false,"2048x2048":false,"mailpoet_newsletter_max":false},"uagb_author_info":{"display_name":"Mundigraphics","author_link":"https:\/\/motorgt.com.co\/index.php\/author\/mundigraphics\/"},"uagb_comment_info":0,"uagb_excerpt":"C &#8211; 1 Curso de veh\u00edculo Servicio P\u00fablico Para acceder a la licencia de conducci\u00f3n CATEGORIA C-1, hemos dise\u00f1ado plan de desarrollo de competencias que se orientan a desarrollas las competencias para conducir un veh\u00edculo de servicio p\u00fablico con las mejores t\u00e9cnicas de conducci\u00f3n y \u00e9tica que esta categor\u00eda requiere para brindar seguridad y confort&hellip;","_links":{"self":[{"href":"https:\/\/motorgt.com.co\/index.php\/wp-json\/wp\/v2\/pages\/2423"}],"collection":[{"href":"https:\/\/motorgt.com.co\/index.php\/wp-json\/wp\/v2\/pages"}],"about":[{"href":"https:\/\/motorgt.com.co\/index.php\/wp-json\/wp\/v2\/types\/page"}],"author":[{"embeddable":true,"href":"https:\/\/motorgt.com.co\/index.php\/wp-json\/wp\/v2\/users\/1"}],"replies":[{"embeddable":true,"href":"https:\/\/motorgt.com.co\/index.php\/wp-json\/wp\/v2\/comments?post=2423"}],"version-history":[{"count":31,"href":"https:\/\/motorgt.com.co\/index.php\/wp-json\/wp\/v2\/pages\/2423\/revisions"}],"predecessor-version":[{"id":2916,"href":"https:\/\/motorgt.com.co\/index.php\/wp-json\/wp\/v2\/pages\/2423\/revisions\/2916"}],"wp:attachment":[{"href":"https:\/\/motorgt.com.co\/index.php\/wp-json\/wp\/v2\/media?parent=2423"}],"curies":[{"name":"wp","href":"https:\/\/api.w.org\/{rel}","templated":true}]}}