{"id":2417,"date":"2023-08-07T17:21:44","date_gmt":"2023-08-07T17:21:44","guid":{"rendered":"https:\/\/motorgt.com.co\/?page_id=2417"},"modified":"2023-10-02T20:37:01","modified_gmt":"2023-10-02T20:37:01","slug":"otros-cursos","status":"publish","type":"page","link":"https:\/\/motorgt.com.co\/index.php\/otros-cursos\/","title":{"rendered":"Otros Cursos"},"content":{"rendered":"\n<div class=\"wp-block-uagb-container uagb-block-0d14dcab alignfull uagb-is-root-container\"><div class=\"uagb-container-inner-blocks-wrap\">\n<div class=\"wp-block-uagb-container uagb-block-b5dec3b8\">\n<div class=\"wp-block-uagb-image uagb-block-0071ee52 wp-block-uagb-image--layout-default wp-block-uagb-image--effect-static wp-block-uagb-image--align-none\"><figure class=\"wp-block-uagb-image__figure\"><img decoding=\"async\" srcset=\"https:\/\/motorgt.com.co\/wp-content\/uploads\/2023\/08\/photographing-car-lights-at-night-3-800x485-1.jpg ,https:\/\/motorgt.com.co\/wp-content\/uploads\/2023\/08\/photographing-car-lights-at-night-3-800x485-1.jpg 780w, https:\/\/motorgt.com.co\/wp-content\/uploads\/2023\/08\/photographing-car-lights-at-night-3-800x485-1.jpg 360w\" sizes=\"(max-width: 480px) 150px\" src=\"https:\/\/motorgt.com.co\/wp-content\/uploads\/2023\/08\/photographing-car-lights-at-night-3-800x485-1.jpg\" alt=\"\" class=\"uag-image-2817\" width=\"900\" height=\"600\" title=\"\" loading=\"lazy\"\/><\/figure><\/div>\n<\/div>\n\n\n\n<div class=\"wp-block-uagb-container uagb-block-8440d9fb\">\n<div class=\"wp-block-uagb-advanced-heading uagb-block-e0e4da1d\"><h2 class=\"uagb-heading-text\">Complementamos nuestra Oferta<\/h2><p class=\"uagb-desc-text\">Mantenemos una excelente oferta para garantizarte, la mejor experiencia en tu proceso formativo.<\/p><\/div>\n<\/div>\n<\/div><\/div>\n\n\n\n<div class=\"wp-block-uagb-container uagb-block-cc0db174 alignfull uagb-is-root-container\"><div class=\"uagb-container-inner-blocks-wrap\">\n<div class=\"wp-block-uagb-container uagb-block-c28211d1\">\n<div class=\"wp-block-uagb-container uagb-block-4f866086\">\n<div class=\"wp-block-uagb-info-box uagb-block-de6f7fa9 uagb-infobox__content-wrap  uagb-infobox-icon-above-title uagb-infobox-image-valign-top\"><div class=\"uagb-ifb-content\"><div class=\"uagb-ifb-title-wrap\"><span class=\"uagb-ifb-title-prefix\">En el CEA Motor GT somos tu mejor opci\u00f3n<\/span><h1 class=\"uagb-ifb-title\">Otros Cursos <\/h1><\/div><\/div><\/div>\n<\/div>\n\n\n\n<div class=\"wp-block-uagb-container uagb-block-da6bc88d\"><\/div>\n<\/div>\n\n\n\n<div class=\"wp-block-uagb-container uagb-block-7f536aca\">\n<div class=\"wp-block-uagb-container uagb-block-5c561c90\">\n<div class=\"wp-block-uagb-container uagb-block-afdd3e34\">\n<div class=\"wp-block-uagb-info-box uagb-block-0c57999c uagb-infobox__content-wrap  uagb-infobox-icon-above-title uagb-infobox-image-valign-top\"><div class=\"uagb-ifb-content\"><div class=\"uagb-ifb-title-wrap\"><h3 class=\"uagb-ifb-title\">Cursos de rehabilitaci\u00f3n de conductores<\/h3><\/div><\/div><\/div>\n<\/div>\n\n\n\n<div class=\"wp-block-uagb-container uagb-block-4dd117e1\">\n<div class=\"wp-block-uagb-image uagb-block-a890ec56 wp-block-uagb-image--layout-default wp-block-uagb-image--effect-static wp-block-uagb-image--align-none\"><figure class=\"wp-block-uagb-image__figure\"><img decoding=\"async\" srcset=\"https:\/\/motorgt.com.co\/wp-content\/uploads\/2023\/08\/carro-motorgt-1024x768.jpg ,https:\/\/motorgt.com.co\/wp-content\/uploads\/2023\/08\/carro-motorgt.jpg 780w, https:\/\/motorgt.com.co\/wp-content\/uploads\/2023\/08\/carro-motorgt.jpg 360w\" sizes=\"(max-width: 480px) 150px\" src=\"https:\/\/motorgt.com.co\/wp-content\/uploads\/2023\/08\/carro-motorgt-1024x768.jpg\" alt=\"\" class=\"uag-image-2847\" width=\"212\" height=\"159\" title=\"\" loading=\"lazy\"\/><\/figure><\/div>\n<\/div>\n<\/div>\n\n\n\n<div class=\"wp-block-uagb-container uagb-block-a3f842b5\">\n<div class=\"wp-block-uagb-container uagb-block-c1dee4ea\">\n<div class=\"wp-block-uagb-image uagb-block-b9f07228 wp-block-uagb-image--layout-default wp-block-uagb-image--effect-static wp-block-uagb-image--align-none\"><figure class=\"wp-block-uagb-image__figure\"><img decoding=\"async\" srcset=\"https:\/\/motorgt.com.co\/wp-content\/uploads\/2023\/10\/agentes-1024x537.jpg ,https:\/\/motorgt.com.co\/wp-content\/uploads\/2023\/10\/agentes.jpg 780w, https:\/\/motorgt.com.co\/wp-content\/uploads\/2023\/10\/agentes.jpg 360w\" sizes=\"(max-width: 480px) 150px\" src=\"https:\/\/motorgt.com.co\/wp-content\/uploads\/2023\/10\/agentes-1024x537.jpg\" alt=\"\" class=\"uag-image-2941\" width=\"301\" height=\"158\" title=\"\" loading=\"lazy\"\/><\/figure><\/div>\n<\/div>\n\n\n\n<div class=\"wp-block-uagb-container uagb-block-cbd5780e\">\n<div class=\"wp-block-uagb-info-box uagb-block-ddccc280 uagb-infobox__content-wrap  uagb-infobox-icon-above-title uagb-infobox-image-valign-top\"><div class=\"uagb-ifb-content\"><div class=\"uagb-ifb-title-wrap\"><h3 class=\"uagb-ifb-title\"><strong>Tecnico laboral en Agente de tr\u00e1nsito<\/strong><\/h3><\/div><\/div><\/div>\n<\/div>\n<\/div>\n<\/div>\n\n\n\n<div class=\"wp-block-uagb-container uagb-block-d323cec2\">\n<div class=\"wp-block-uagb-container uagb-block-38598706\">\n<div class=\"wp-block-uagb-container uagb-block-d3589dfa\">\n<div class=\"wp-block-uagb-info-box uagb-block-b6fa6fcf uagb-infobox__content-wrap  uagb-infobox-icon-above-title uagb-infobox-image-valign-top\"><div class=\"uagb-ifb-content\"><div class=\"uagb-ifb-title-wrap\"><h3 class=\"uagb-ifb-title\"><strong>Seguridad vial y operaci\u00f3n de transporte<\/strong><\/h3><\/div><\/div><\/div>\n<\/div>\n\n\n\n<div class=\"wp-block-uagb-container uagb-block-b567658b\">\n<div class=\"wp-block-uagb-image uagb-block-a4fbc335 wp-block-uagb-image--layout-default wp-block-uagb-image--effect-static wp-block-uagb-image--align-none\"><figure class=\"wp-block-uagb-image__figure\"><img decoding=\"async\" srcset=\"https:\/\/motorgt.com.co\/wp-content\/uploads\/2023\/08\/manejo-defensivo-1.png ,https:\/\/motorgt.com.co\/wp-content\/uploads\/2023\/08\/manejo-defensivo-1.png 780w, https:\/\/motorgt.com.co\/wp-content\/uploads\/2023\/08\/manejo-defensivo-1.png 360w\" sizes=\"(max-width: 480px) 150px\" src=\"https:\/\/motorgt.com.co\/wp-content\/uploads\/2023\/08\/manejo-defensivo-1.png\" alt=\"\" class=\"uag-image-2776\" width=\"217\" height=\"217\" title=\"\" loading=\"lazy\"\/><\/figure><\/div>\n<\/div>\n<\/div>\n\n\n\n<div class=\"wp-block-uagb-container uagb-block-8115b6ea\">\n<div class=\"wp-block-uagb-container uagb-block-af153aef\">\n<div class=\"wp-block-uagb-image uagb-block-ad62c67f wp-block-uagb-image--layout-default wp-block-uagb-image--effect-static wp-block-uagb-image--align-none\"><figure class=\"wp-block-uagb-image__figure\"><img decoding=\"async\" srcset=\"https:\/\/motorgt.com.co\/wp-content\/uploads\/2023\/08\/40q5pnp-1024x1024.jpg ,https:\/\/motorgt.com.co\/wp-content\/uploads\/2023\/08\/40q5pnp.jpg 780w, https:\/\/motorgt.com.co\/wp-content\/uploads\/2023\/08\/40q5pnp.jpg 360w\" sizes=\"(max-width: 480px) 150px\" src=\"https:\/\/motorgt.com.co\/wp-content\/uploads\/2023\/08\/40q5pnp-1024x1024.jpg\" alt=\"\" class=\"uag-image-2582\" width=\"221\" height=\"221\" title=\"\" loading=\"lazy\"\/><\/figure><\/div>\n<\/div>\n\n\n\n<div class=\"wp-block-uagb-container uagb-block-1321d342\">\n<div class=\"wp-block-uagb-info-box uagb-block-0c463699 uagb-infobox__content-wrap  uagb-infobox-icon-above-title uagb-infobox-image-valign-top\"><div class=\"uagb-ifb-content\"><div class=\"uagb-ifb-title-wrap\"><h3 class=\"uagb-ifb-title\">Plan Estrat\u00e9gico de Seguridad Vial<\/h3><\/div><\/div><\/div>\n<\/div>\n<\/div>\n<\/div>\n<\/div><\/div>\n\n\n\n<div class=\"wp-block-uagb-container uagb-block-c49031ff alignfull uagb-is-root-container\"><div class=\"uagb-container-inner-blocks-wrap\">\n<div class=\"wp-block-uagb-advanced-heading uagb-block-bf44aba3\"><h2 class=\"uagb-heading-text\">Descripci\u00f3n<\/h2><\/div>\n\n\n\n<div class=\"wp-block-uagb-container uagb-block-7ed7a94a\">\n<div class=\"wp-block-uagb-container uagb-block-ef10aed7\">\n<div class=\"wp-block-uagb-info-box uagb-block-20d0f64e uagb-infobox__content-wrap  uagb-infobox-icon-above-title uagb-infobox-image-valign-top\"><div class=\"uagb-ifb-content\"><div class=\"uagb-ifb-title-wrap\"><h6 class=\"uagb-ifb-title\">Cursos de rehabilitaci\u00f3n de conductores<\/h6><\/div><p class=\"uagb-ifb-desc\">De acuerdo con el Art\u00edculo 136 del C\u00f3digo Nacional de Tr\u00e1nsito, una vez surtida la orden de comparendo, si el inculpado acepta la comisi\u00f3n de la infracci\u00f3n, podr\u00e1, sin necesidad de otra actuaci\u00f3n administrativa optar por cancelar el 50% o el 75% del valor del comparendo de acuerdo con cumplimiento de los requisitos de la norma, siempre y cuando asista obligatoriamente a un curso sobre normas de tr\u00e1nsito. En Centro de Ense\u00f1anza Automovil\u00edstica Motor GT estamos debidamente certificados para ofrecerte la capacitaci\u00f3n para que accedas a este beneficio, mediante un curso que tiene como promover en los asistentes la participaci\u00f3n, reflexi\u00f3n y sensibilizaci\u00f3n frente a los cambios de comportamiento y h\u00e1bitos en la v\u00eda.<\/p><\/div><\/div>\n\n\n\n<div class=\"wp-block-uagb-info-box uagb-block-3d1eaf04 uagb-infobox__content-wrap  uagb-infobox-icon-above-title uagb-infobox-image-valign-top\"><div class=\"uagb-ifb-content\"><div class=\"uagb-ifb-title-wrap\"><h6 class=\"uagb-ifb-title\"><strong><strong><strong>seguridad vial y operaci\u00f3n de transporte<\/strong><\/strong><\/strong><\/h6><\/div><p class=\"uagb-ifb-desc\">La propuesta de dise\u00f1o y apoyo en la formulaci\u00f3n del plan estrat\u00e9gico de seguridad, se concibe como un conjunto de iniciativas pedag\u00f3gicas, dirigidas a la identificaci\u00f3n de riesgos viales que podrian afectar a los integrantes de la empresa, as\u00ed como la sensibilizaci\u00f3n y capacitaci\u00f3n de todos los actores viales que la integran, incluyendo personal de conductores propios o suministrados por empresas tercerizados a su servicio.<\/p><\/div><\/div>\n<\/div>\n\n\n\n<div class=\"wp-block-uagb-container uagb-block-46d3a142\">\n<div class=\"wp-block-uagb-info-box uagb-block-125ec2d3 uagb-infobox__content-wrap  uagb-infobox-icon-above-title uagb-infobox-image-valign-top\"><div class=\"uagb-ifb-content\"><div class=\"uagb-ifb-title-wrap\"><h6 class=\"uagb-ifb-title\"><strong><strong>Tecnico laboral en Agente de tr\u00e1nsito<\/strong><\/strong><\/h6><\/div><p class=\"uagb-ifb-desc\">La actividad de agente de tr\u00e1nsito y transporte es una profesi\u00f3n, y como tal, \u00e9l deber\u00e1 recibir una formaci\u00f3n acad\u00e9mica integral, como t\u00e9cnico laboral en Agente de tr\u00e1nsito, seguridad vial y operaci\u00f3n de transporte, tendr\u00e1s las competencias necesarias para ejercer de manera efectiva funciones tendientes a intervenir positivamente en el cumplimiento de la normativa colombiana en tr\u00e1nsito y transporte, para dar cumplimiento a lo estipulado por la ley 1310 de 2009 y en la resoluci\u00f3n 4548 de 2013.<\/p><\/div><\/div>\n\n\n\n<div class=\"wp-block-uagb-info-box uagb-block-a5130b42 uagb-infobox__content-wrap  uagb-infobox-icon-above-title uagb-infobox-image-valign-top\"><div class=\"uagb-ifb-content\"><div class=\"uagb-ifb-title-wrap\"><h6 class=\"uagb-ifb-title\"><strong><strong>Plan de Seguridad Vial<\/strong><\/strong><\/h6><\/div><p class=\"uagb-ifb-desc\">Un plan de seguridad vial es un conjunto de estrategias y medidas dise\u00f1adas para prevenir accidentes de tr\u00e1fico y mejorar la seguridad en las carreteras. Estos planes son implementados por gobiernos, organizaciones y empresas para reducir lesiones y muertes en las v\u00edas de tr\u00e1nsito. A continuaci\u00f3n, te proporciono un esquema general para un plan de seguridad vial:<br><strong>1. Evaluaci\u00f3n de la situaci\u00f3n actual<\/strong><br><strong>2. Establecimiento de objetivos<\/strong><br><strong>3. Dise\u00f1o de estrategias<\/strong><br><strong>4. Implementaci\u00f3n<\/strong><br><strong>5. Monitoreo y evaluaci\u00f3n<\/strong><br><strong>6. Comunicaci\u00f3n y participaci\u00f3n p\u00fablica<\/strong><\/p><\/div><\/div>\n<\/div>\n<\/div>\n<\/div><\/div>\n","protected":false},"excerpt":{"rendered":"<p>Complementamos nuestra Oferta Mantenemos una excelente oferta para garantizarte, la mejor experiencia en tu proceso formativo. Descripci\u00f3n<\/p>\n","protected":false},"author":1,"featured_media":0,"parent":0,"menu_order":0,"comment_status":"closed","ping_status":"closed","template":"","meta":{"_uag_custom_page_level_css":"","site-sidebar-layout":"default","site-content-layout":"default","ast-global-header-display":"","ast-banner-title-visibility":"","ast-main-header-display":"","ast-hfb-above-header-display":"","ast-hfb-below-header-display":"","ast-hfb-mobile-header-display":"","site-post-title":"disabled","ast-breadcrumbs-content":"","ast-featured-img":"","footer-sml-layout":"","theme-transparent-header-meta":"","adv-header-id-meta":"","stick-header-meta":"","header-above-stick-meta":"","header-main-stick-meta":"","header-below-stick-meta":"","_joinchat":[]},"uagb_featured_image_src":{"full":false,"thumbnail":false,"medium":false,"medium_large":false,"large":false,"1536x1536":false,"2048x2048":false,"mailpoet_newsletter_max":false},"uagb_author_info":{"display_name":"Mundigraphics","author_link":"https:\/\/motorgt.com.co\/index.php\/author\/mundigraphics\/"},"uagb_comment_info":0,"uagb_excerpt":"Complementamos nuestra Oferta Mantenemos una excelente oferta para garantizarte, la mejor experiencia en tu proceso formativo. Descripci\u00f3n","_links":{"self":[{"href":"https:\/\/motorgt.com.co\/index.php\/wp-json\/wp\/v2\/pages\/2417"}],"collection":[{"href":"https:\/\/motorgt.com.co\/index.php\/wp-json\/wp\/v2\/pages"}],"about":[{"href":"https:\/\/motorgt.com.co\/index.php\/wp-json\/wp\/v2\/types\/page"}],"author":[{"embeddable":true,"href":"https:\/\/motorgt.com.co\/index.php\/wp-json\/wp\/v2\/users\/1"}],"replies":[{"embeddable":true,"href":"https:\/\/motorgt.com.co\/index.php\/wp-json\/wp\/v2\/comments?post=2417"}],"version-history":[{"count":11,"href":"https:\/\/motorgt.com.co\/index.php\/wp-json\/wp\/v2\/pages\/2417\/revisions"}],"predecessor-version":[{"id":2953,"href":"https:\/\/motorgt.com.co\/index.php\/wp-json\/wp\/v2\/pages\/2417\/revisions\/2953"}],"wp:attachment":[{"href":"https:\/\/motorgt.com.co\/index.php\/wp-json\/wp\/v2\/media?parent=2417"}],"curies":[{"name":"wp","href":"https:\/\/api.w.org\/{rel}","templated":true}]}}