{"id":1812,"date":"2022-12-13T04:41:41","date_gmt":"2022-12-13T04:41:41","guid":{"rendered":"https:\/\/motorgt.com.co\/index.php\/services\/"},"modified":"2023-08-29T22:10:08","modified_gmt":"2023-08-29T22:10:08","slug":"servicios-corportativos","status":"publish","type":"page","link":"https:\/\/motorgt.com.co\/index.php\/servicios-corportativos\/","title":{"rendered":"Servicios Corporativos"},"content":{"rendered":"\n<div class=\"wp-block-uagb-container uagb-block-05f3fcb7 alignfull uagb-is-root-container\"><div class=\"uagb-container-inner-blocks-wrap\">\n<div class=\"wp-block-uagb-container uagb-block-c9932ef7\">\n<div class=\"wp-block-uagb-advanced-heading uagb-block-525f552a\"><h6 class=\"uagb-heading-text\">Servicios Corporativos<\/h6><\/div>\n\n\n\n<div class=\"wp-block-uagb-info-box uagb-block-30fa7580 uagb-infobox__content-wrap  uagb-infobox-icon-above-title uagb-infobox-image-valign-top\"><div class=\"uagb-ifb-content\"><div class=\"uagb-ifb-title-wrap\"><h1 class=\"uagb-ifb-title\">Somos tu aliado estrat\u00e9gico<\/h1><\/div><div class=\"uagb-ifb-separator\"><\/div><p class=\"uagb-ifb-desc\">Como expertos en movilidad y en el plan estrat\u00e9gico de seguridad vial ofrecemos servicios integrales adaptados a las necesidades de tu empresa conocelos.<\/p><\/div><\/div>\n\n\n\n<div class=\"wp-block-uagb-buttons uagb-buttons__outer-wrap uagb-btn__default-btn uagb-btn-tablet__default-btn uagb-btn-mobile__default-btn uagb-block-de0a8624\"><div class=\"uagb-buttons__wrap uagb-buttons-layout-wrap\">\n<div class=\"wp-block-uagb-buttons-child uagb-buttons__outer-wrap uagb-block-955fe6e6 wp-block-button\"><div class=\"uagb-button__wrapper\"><a class=\"uagb-buttons-repeater wp-block-button__link\" href=\"https:\/\/wa.link\/q7w10i\" onclick=\"return true;\" rel=\"follow noopener\" target=\"_self\"><div class=\"uagb-button__link\">agendar visita t\u00e9cnica<\/div><\/a><\/div><\/div>\n<\/div><\/div>\n<\/div>\n<\/div><\/div>\n\n\n\n<div class=\"wp-block-uagb-container uag-blocks-common-selector uagb-block-b45da9b6 alignfull uagb-is-root-container\"><div class=\"uagb-container-inner-blocks-wrap\">\n<div class=\"wp-block-uagb-container uagb-block-7f3d5aac\">\n<div class=\"wp-block-uagb-container uagb-block-c971416c\">\n<div class=\"wp-block-uagb-container uagb-block-cb15cb47\">\n<div class=\"wp-block-uagb-info-box uagb-block-15ea6331 uagb-infobox__content-wrap  uagb-infobox-icon-above-title uagb-infobox-image-valign-top\"><div class=\"uagb-ifb-content\"><div class=\"uagb-ifb-title-wrap\"><h2 class=\"uagb-ifb-title\">Capacitaciones<\/h2><\/div><div class=\"uagb-ifb-separator\"><\/div><p class=\"uagb-ifb-desc\">Entrenamiento especializado para conductores de empresas orientado a fortalecer las competencias para conducir y fortalecer la cultura del respeto de las normas evitando accidentes, considerando la falta de habilidad, conocimientos del otro conductor y las condiciones adversas, mediante una actitud de cortes\u00eda y consideraci\u00f3n con el peat\u00f3n, sin dejar de estar a atentos y vigilantes ante la impulsividad de los ni\u00f1os, distracci\u00f3n de las personas y baja habilidad f\u00edsica de los ancianos<\/p><\/div><\/div>\n<\/div>\n<\/div>\n\n\n\n<div class=\"wp-block-uagb-container uagb-block-d447b435\">\n<div class=\"wp-block-uagb-container uagb-block-e6c0cd46\">\n<div class=\"wp-block-uagb-info-box uagb-block-db3bfd1b uagb-infobox__content-wrap  uagb-infobox-icon-above-title uagb-infobox-image-valign-top\"><div class=\"uagb-ifb-content\"><div class=\"uagb-ifb-image-content\"><img decoding=\"async\" src=\"https:\/\/motorgt.com.co\/wp-content\/uploads\/2023\/08\/manejo-defensivo-1.png\" alt=\"\" width=\"65\" height=\"65\" loading=\"lazy\"\/><\/div><div class=\"uagb-ifb-title-wrap\"><h4 class=\"uagb-ifb-title\"><br>Manejo Defensivo\u200b<br><\/h4><\/div><p class=\"uagb-ifb-desc\">Orientado a fortalecer las competencias para conducir evitando accidentes con pleno conocimiento de las normas y regulaciones<br>Es un curso enfocado a minimizar los riesgos de las operaciones que involucran vehiculos con el objetivo de maximimizar la rentabilidad de las empresas&nbsp;<strong>Sujeto a Cotizaci\u00f3n<\/strong><\/p><\/div><\/div>\n<\/div>\n\n\n\n<div class=\"wp-block-uagb-container uagb-block-445fc366\">\n<div class=\"wp-block-uagb-info-box uagb-block-e00f7cab uagb-infobox__content-wrap  uagb-infobox-icon-above-title uagb-infobox-image-valign-top\"><div class=\"uagb-ifb-content\"><div class=\"uagb-ifb-image-content\"><img decoding=\"async\" src=\"https:\/\/motorgt.com.co\/wp-content\/uploads\/2023\/08\/agentes-de-movilidad.png\" alt=\"\" width=\"65\" height=\"65\" loading=\"lazy\"\/><\/div><div class=\"uagb-ifb-title-wrap\"><h4 class=\"uagb-ifb-title\">Seguridad Vial\u200b<\/h4><\/div><p class=\"uagb-ifb-desc\">La Metodolog\u00eda de este Curso comprende todos los aspectos de seguridad, basandonos en el respeto inherente a las normas a fin de fortalecer la conciencia y ser un actor que promueve el buen ritmo en la ciudad y carretera. Formamos conductores habiles, considerando la falta de habilidad de los otros conductores en virtud de minimizar riesgos constantemente.&nbsp;<strong>Sujeto a Cotizaci\u00f3n<\/strong><\/p><\/div><\/div>\n<\/div>\n<\/div>\n\n\n\n<div class=\"wp-block-uagb-container uagb-block-09ddc922\">\n<div class=\"wp-block-uagb-container uagb-block-16f951e8\">\n<div class=\"wp-block-uagb-info-box uagb-block-12ac200d uagb-infobox__content-wrap  uagb-infobox-icon-above-title uagb-infobox-image-valign-top\"><div class=\"uagb-ifb-content\"><div class=\"uagb-ifb-image-content\"><img decoding=\"async\" src=\"https:\/\/motorgt.com.co\/wp-content\/uploads\/2023\/08\/peligrosas.png\" alt=\"\" width=\"62\" height=\"62\" loading=\"lazy\"\/><\/div><div class=\"uagb-ifb-title-wrap\"><h4 class=\"uagb-ifb-title\"><br><br><strong>Operaci\u00f3n de Vehiculos que Cargan mercancias peligrosas<\/strong><\/h4><\/div><p class=\"uagb-ifb-desc\">Orientado a fortalecer las competencias para conducir evitando accidentes con pleno conocimiento de las normas y regulaciones<br>Es un curso enfocado a minimizar los riesgos de las operaciones que involucran vehiculos con el objetivo de maximimizar la rentabilidad de las empresas&nbsp;<strong>Sujeto a Cotizaci\u00f3n<\/strong><\/p><\/div><\/div>\n<\/div>\n\n\n\n<div class=\"wp-block-uagb-container uagb-block-e6413845\">\n<div class=\"wp-block-uagb-info-box uagb-block-cf0d6834 uagb-infobox__content-wrap  uagb-infobox-icon-above-title uagb-infobox-image-valign-top\"><div class=\"uagb-ifb-content\"><div class=\"uagb-ifb-image-content\"><img decoding=\"async\" src=\"https:\/\/motorgt.com.co\/wp-content\/uploads\/2023\/08\/manejo-seguro.png\" alt=\"\" width=\"63\" height=\"63\" loading=\"lazy\"\/><\/div><div class=\"uagb-ifb-title-wrap\"><h4 class=\"uagb-ifb-title\"><strong>Conducci\u00f3n Eficiente y Segura<\/strong><\/h4><\/div><p class=\"uagb-ifb-desc\">Utilizaremos el concepto de conducci\u00f3n eficiente para referirnos a una actitud y un tipo de conducci\u00f3n que le permitir\u00e1 obtener un mayor rendimiento energ\u00e9tico en su vehiculo<br>Los beneficios se manifiestan en menores costos en trayectos o viajes, menos costo de mantenimiento y disminuci\u00f3n del estr\u00e9s al conducir, fomentando una cultura de seguridad vial tanto para usted como para aquellos con quienes comparte la via.&nbsp;<\/p><\/div><\/div>\n<\/div>\n<\/div>\n<\/div>\n<\/div><\/div>\n\n\n\n<div class=\"wp-block-uagb-container uagb-block-1e390c0f alignfull uagb-is-root-container\"><div class=\"uagb-container__video-wrap\"><video autoplay loop muted playsinline><source src=\"https:\/\/motorgt.com.co\/wp-content\/uploads\/2023\/08\/baja.mp4\" type=\"video\/mp4\"\/><\/video><\/div><div class=\"uagb-container-inner-blocks-wrap\">\n<div class=\"wp-block-uagb-container uagb-block-4145a84b\">\n<p class=\"has-text-align-center has-ast-global-color-5-color has-text-color\"><\/p>\n<\/div>\n<\/div><\/div>\n\n\n\n<div class=\"wp-block-uagb-container uagb-block-c62ddf44 alignfull uagb-is-root-container\"><div class=\"uagb-container-inner-blocks-wrap\">\n<h2 class=\"wp-block-heading\">Evaluaci\u00f3n&#8230;<\/h2>\n\n\n\n<div class=\"wp-block-uagb-container uagb-block-69238564\">\n<div class=\"wp-block-uagb-container uagb-block-a2ea8702\">\n<div class=\"wp-block-uagb-image aligncenter uagb-block-ae641342 wp-block-uagb-image--layout-default wp-block-uagb-image--effect-static wp-block-uagb-image--align-center\"><figure class=\"wp-block-uagb-image__figure\"><img decoding=\"async\" srcset=\"https:\/\/motorgt.com.co\/wp-content\/uploads\/2023\/08\/tipos-de-evaluacion.png \" sizes=\"(max-width: 480px) 150px\" src=\"https:\/\/motorgt.com.co\/wp-content\/uploads\/2023\/08\/tipos-de-evaluacion.png\" alt=\"\" class=\"uag-image-2673\" width=\"589\" height=\"285\" title=\"\" loading=\"lazy\"\/><\/figure><\/div>\n<\/div>\n<\/div>\n\n\n<div class=\"wpforms-container \" id=\"wpforms-2789\"><form id=\"wpforms-form-2789\" class=\"wpforms-validate wpforms-form wpforms-ajax-form\" data-formid=\"2789\" method=\"post\" enctype=\"multipart\/form-data\" action=\"\/index.php\/wp-json\/wp\/v2\/pages\/1812\" data-token=\"1504e57beb4e5671477a59a385807eec\"><noscript class=\"wpforms-error-noscript\">Por favor, activa JavaScript en tu navegador para completar este formulario.<\/noscript><div class=\"wpforms-field-container\"><div id=\"wpforms-2789-field_2-container\" class=\"wpforms-field wpforms-field-text\" data-field-id=\"2\"><label class=\"wpforms-field-label\" for=\"wpforms-2789-field_2\">Nombre de la Empresa <span class=\"wpforms-required-label\">*<\/span><\/label><input type=\"text\" id=\"wpforms-2789-field_2\" class=\"wpforms-field-medium wpforms-field-required\" name=\"wpforms[fields][2]\" required><\/div><div id=\"wpforms-2789-field_1-container\" class=\"wpforms-field wpforms-field-payment-checkbox wpforms-list-3-columns\" data-field-id=\"1\"><label class=\"wpforms-field-label\" for=\"wpforms-2789-field_1\">Oferta<\/label><ul id=\"wpforms-2789-field_1\"><li class=\"choice-4\"><input type=\"checkbox\" id=\"wpforms-2789-field_1_4\" class=\"wpforms-payment-price\" data-amount=\"0.00\" name=\"wpforms[fields][1][]\" value=\"4\"  ><label class=\"wpforms-field-label-inline\" for=\"wpforms-2789-field_1_4\">Plan Estrat\u00e9gico de Seguridad Vial<\/label><\/li><li class=\"choice-2\"><input type=\"checkbox\" id=\"wpforms-2789-field_1_2\" class=\"wpforms-payment-price\" data-amount=\"0.00\" name=\"wpforms[fields][1][]\" value=\"2\"  ><label class=\"wpforms-field-label-inline\" for=\"wpforms-2789-field_1_2\">Capacitaci\u00f3n Peri\u00f3dica en Movilidad<\/label><\/li><li class=\"choice-3\"><input type=\"checkbox\" id=\"wpforms-2789-field_1_3\" class=\"wpforms-payment-price\" data-amount=\"0.00\" name=\"wpforms[fields][1][]\" value=\"3\"  ><label class=\"wpforms-field-label-inline\" for=\"wpforms-2789-field_1_3\">Entrenamientos Pr\u00e1cticos<\/label><\/li><\/ul><\/div><div id=\"wpforms-2789-field_3-container\" class=\"wpforms-field wpforms-field-number-slider\" data-field-id=\"3\"><label class=\"wpforms-field-label\" for=\"wpforms-2789-field_3\">A\u00f1os de Experiencia en el Mercado<\/label>\n<input\n\ttype=\"range\"\n\tid=\"wpforms-2789-field_3\" class=\"wpforms-field-large\" name=\"wpforms[fields][3]\" value=\"0\"\t\tvalue=\"0\"\n\tmin=\"0\"\n\tmax=\"80\"\n\tstep=\"1\">\n\n<div class=\"wpforms-field-number-slider-hint\"\n\tdata-hint=\"a\u00f1os: {value}\">\n\ta\u00f1os: <b>0<\/b><\/div>\n<\/div><div id=\"wpforms-2789-field_4-container\" class=\"wpforms-field wpforms-field-text\" data-field-id=\"4\"><label class=\"wpforms-field-label\" for=\"wpforms-2789-field_4\">Sector Econ\u00f3mico <span class=\"wpforms-required-label\">*<\/span><\/label><input type=\"text\" id=\"wpforms-2789-field_4\" class=\"wpforms-field-medium wpforms-field-required\" name=\"wpforms[fields][4]\" required><\/div><div id=\"wpforms-2789-field_5-container\" class=\"wpforms-field wpforms-field-email\" data-field-id=\"5\"><label class=\"wpforms-field-label\" for=\"wpforms-2789-field_5\">Email <span class=\"wpforms-required-label\">*<\/span><\/label><input type=\"email\" id=\"wpforms-2789-field_5\" class=\"wpforms-field-medium wpforms-field-required\" name=\"wpforms[fields][5]\" spellcheck=\"false\" required><\/div><div id=\"wpforms-2789-field_6-container\" class=\"wpforms-field wpforms-field-text\" data-field-id=\"6\"><label class=\"wpforms-field-label\" for=\"wpforms-2789-field_6\">Nombre de Contacto <span class=\"wpforms-required-label\">*<\/span><\/label><input type=\"text\" id=\"wpforms-2789-field_6\" class=\"wpforms-field-medium wpforms-field-required\" name=\"wpforms[fields][6]\" required><\/div><div id=\"wpforms-2789-field_7-container\" class=\"wpforms-field wpforms-field-number\" data-field-id=\"7\"><label class=\"wpforms-field-label\" for=\"wpforms-2789-field_7\">N\u00famero de Contacto <span class=\"wpforms-required-label\">*<\/span><\/label><input type=\"number\" pattern=\"\\d*\" id=\"wpforms-2789-field_7\" class=\"wpforms-field-medium wpforms-field-required\" name=\"wpforms[fields][7]\" required><\/div><\/div><!-- .wpforms-field-container --><div class=\"wpforms-submit-container\" ><input type=\"hidden\" name=\"wpforms[id]\" value=\"2789\"><input type=\"hidden\" name=\"wpforms[author]\" value=\"1\"><button type=\"submit\" name=\"wpforms[submit]\" id=\"wpforms-submit-2789\" class=\"wpforms-submit\" data-alt-text=\"Sending...\" data-submit-text=\"Enviar\" aria-live=\"assertive\" value=\"wpforms-submit\">Enviar<\/button><img src=\"https:\/\/motorgt.com.co\/wp-content\/plugins\/wpforms-lite\/assets\/images\/submit-spin.svg\" class=\"wpforms-submit-spinner\" style=\"display: none;\" width=\"26\" height=\"26\" alt=\"Cargando\"><\/div><\/form><\/div>  <!-- .wpforms-container -->\n\n\n\n<h2 class=\"wp-block-heading\">Servicios<\/h2>\n\n\n\n<p><strong>EJECUCI\u00d3N DEL SERVICIO:<\/strong>&nbsp;El servicio se realizar\u00e1 en las fechas y horarios que se acuerden para la realizaci\u00f3n de las actividades objeto de esta propuesta. \u00fc Nuestros instructores realizar\u00e1n las avaluaciones en sus instalaciones, en v\u00eda cercanas a sus instalaciones y en los veh\u00edculos que para tal fin su compa\u00f1\u00eda destine.<\/p>\n\n\n\n<p>&nbsp;<strong>PERSONAL QUE PRESTAR\u00c1 EL SERVICIO:<\/strong>&nbsp;La evaluaci\u00f3n ser\u00e1 realizada por instructores certificados por el ministerio de transporte para impartir ense\u00f1anza automovil\u00edstica en las categor\u00edas especificas requeridas para operar el tipo de veh\u00edculos con que cuenta su flota automotriz, desde categor\u00eda&nbsp;<strong>B-1<\/strong>&nbsp;hasta&nbsp;<strong>C-3<\/strong>. Igualmente, los instructores cuentan con amplia experiencia en la operaci\u00f3n de tractocamiones de carga y livianos en rutas naciones, lo cual es fundamental para lograr una adecuada evaluaci\u00f3n, fundamentada en la experiencia real en operaciones.<\/p>\n\n\n<\/div><\/div>\n","protected":false},"excerpt":{"rendered":"<p>Servicios Corporativos Evaluaci\u00f3n&#8230; Servicios EJECUCI\u00d3N DEL SERVICIO:&nbsp;El servicio se realizar\u00e1 en las fechas y horarios que se acuerden para la realizaci\u00f3n de las actividades objeto de esta propuesta. \u00fc Nuestros instructores realizar\u00e1n las avaluaciones en sus instalaciones, en v\u00eda cercanas a sus instalaciones y en los veh\u00edculos que para tal fin su compa\u00f1\u00eda destine. &nbsp;PERSONAL &hellip;<\/p>\n<p class=\"read-more\"> <a class=\"\" href=\"https:\/\/motorgt.com.co\/index.php\/servicios-corportativos\/\"> <span class=\"screen-reader-text\">Servicios Corporativos<\/span> Leer m\u00e1s &raquo;<\/a><\/p>\n","protected":false},"author":1,"featured_media":0,"parent":0,"menu_order":0,"comment_status":"closed","ping_status":"closed","template":"","meta":{"_uag_custom_page_level_css":"","site-sidebar-layout":"default","site-content-layout":"page-builder","ast-global-header-display":"","ast-banner-title-visibility":"","ast-main-header-display":"","ast-hfb-above-header-display":"","ast-hfb-below-header-display":"","ast-hfb-mobile-header-display":"","site-post-title":"disabled","ast-breadcrumbs-content":"","ast-featured-img":"","footer-sml-layout":"","theme-transparent-header-meta":"enabled","adv-header-id-meta":"","stick-header-meta":"","header-above-stick-meta":"","header-main-stick-meta":"","header-below-stick-meta":"","_joinchat":[]},"uagb_featured_image_src":{"full":false,"thumbnail":false,"medium":false,"medium_large":false,"large":false,"1536x1536":false,"2048x2048":false,"mailpoet_newsletter_max":false},"uagb_author_info":{"display_name":"Mundigraphics","author_link":"https:\/\/motorgt.com.co\/index.php\/author\/mundigraphics\/"},"uagb_comment_info":0,"uagb_excerpt":"Servicios Corporativos Evaluaci\u00f3n&#8230; Servicios EJECUCI\u00d3N DEL SERVICIO:&nbsp;El servicio se realizar\u00e1 en las fechas y horarios que se acuerden para la realizaci\u00f3n de las actividades objeto de esta propuesta. \u00fc Nuestros instructores realizar\u00e1n las avaluaciones en sus instalaciones, en v\u00eda cercanas a sus instalaciones y en los veh\u00edculos que para tal fin su compa\u00f1\u00eda destine. &nbsp;PERSONAL&hellip;","_links":{"self":[{"href":"https:\/\/motorgt.com.co\/index.php\/wp-json\/wp\/v2\/pages\/1812"}],"collection":[{"href":"https:\/\/motorgt.com.co\/index.php\/wp-json\/wp\/v2\/pages"}],"about":[{"href":"https:\/\/motorgt.com.co\/index.php\/wp-json\/wp\/v2\/types\/page"}],"author":[{"embeddable":true,"href":"https:\/\/motorgt.com.co\/index.php\/wp-json\/wp\/v2\/users\/1"}],"replies":[{"embeddable":true,"href":"https:\/\/motorgt.com.co\/index.php\/wp-json\/wp\/v2\/comments?post=1812"}],"version-history":[{"count":29,"href":"https:\/\/motorgt.com.co\/index.php\/wp-json\/wp\/v2\/pages\/1812\/revisions"}],"predecessor-version":[{"id":2805,"href":"https:\/\/motorgt.com.co\/index.php\/wp-json\/wp\/v2\/pages\/1812\/revisions\/2805"}],"wp:attachment":[{"href":"https:\/\/motorgt.com.co\/index.php\/wp-json\/wp\/v2\/media?parent=1812"}],"curies":[{"name":"wp","href":"https:\/\/api.w.org\/{rel}","templated":true}]}}