{"id":1811,"date":"2022-12-13T04:41:41","date_gmt":"2022-12-13T04:41:41","guid":{"rendered":"https:\/\/motorgt.com.co\/index.php\/about\/"},"modified":"2023-10-02T20:12:50","modified_gmt":"2023-10-02T20:12:50","slug":"nosotros","status":"publish","type":"page","link":"https:\/\/motorgt.com.co\/index.php\/nosotros\/","title":{"rendered":"Nosotros"},"content":{"rendered":"\n<div class=\"wp-block-uagb-container uag-blocks-common-selector uagb-block-452c6b90 alignfull uagb-is-root-container\"><div class=\"uagb-container-inner-blocks-wrap\">\n<div class=\"wp-block-uagb-container uagb-block-9908b660\">\n<div class=\"wp-block-uagb-advanced-heading uagb-block-ee9bc553\"><h6 class=\"uagb-heading-text\">NOSOTROS<\/h6><\/div>\n\n\n\n<div class=\"wp-block-uagb-info-box uagb-block-096d4676 uagb-infobox__content-wrap  uagb-infobox-icon-above-title uagb-infobox-image-valign-top\"><div class=\"uagb-ifb-content\"><div class=\"uagb-ifb-title-wrap\"><h1 class=\"uagb-ifb-title\">Somos<br>Centro de Ense\u00f1anza<br>Automovil\u00edstica\u200b<\/h1><\/div><div class=\"uagb-ifb-separator\"><\/div><p class=\"uagb-ifb-desc\">Formamos conductores que disfruten la conducci\u00f3n con responsabilidad y seguridad.<\/p><\/div><\/div>\n<\/div>\n<\/div><\/div>\n\n\n\n<div class=\"wp-block-uagb-container uagb-block-8ada47e8 alignfull uagb-is-root-container\"><div class=\"uagb-container-inner-blocks-wrap\">\n<div class=\"wp-block-uagb-container uagb-block-22e6f207\">\n<div class=\"wp-block-uagb-container uagb-block-f29bde18\">\n<div class=\"wp-block-uagb-container uagb-block-9a265402\">\n<div class=\"wp-block-uagb-info-box uagb-block-dc13a8b3 uagb-infobox__content-wrap  uagb-infobox-icon-above-title uagb-infobox-image-valign-top\"><div class=\"uagb-ifb-content\"><div class=\"uagb-ifb-title-wrap\"><h2 class=\"uagb-ifb-title\">Valores Corporativos<\/h2><\/div><div class=\"uagb-ifb-separator\"><\/div><p class=\"uagb-ifb-desc\">En el Centro de Ense\u00f1anza Automovil\u00edstica Motor GT trabajamos para mantener altos estandares de calidad durante tu ciclo de aprendizaje, comprendemos de manera profunda las necesidades de nuestros clientes y cultivamos valores solidos.<\/p><\/div><\/div>\n<\/div>\n<\/div>\n\n\n\n<div class=\"wp-block-uagb-container uagb-block-38d69ea4\">\n<div class=\"wp-block-uagb-container uagb-block-f6815bbb\">\n<div class=\"wp-block-uagb-info-box uagb-block-acf14164 uagb-infobox__content-wrap  uagb-infobox-icon-above-title uagb-infobox-image-valign-top\"><div class=\"uagb-ifb-content\"><div class=\"uagb-ifb-icon-wrap\"><svg xmlns=\"https:\/\/www.w3.org\/2000\/svg\" viewBox=\"0 0 512 512\"><path d=\"M256 53.46L300.1 7.261C307 1.034 315.1-1.431 324.4 .8185C332.8 3.068 339.3 9.679 341.4 18.1L357.3 80.6L419.3 63.07C427.7 60.71 436.7 63.05 442.8 69.19C448.1 75.34 451.3 84.33 448.9 92.69L431.4 154.7L493.9 170.6C502.3 172.7 508.9 179.2 511.2 187.6C513.4 196 510.1 204.1 504.7 211L458.5 256L504.7 300.1C510.1 307 513.4 315.1 511.2 324.4C508.9 332.8 502.3 339.3 493.9 341.4L431.4 357.3L448.9 419.3C451.3 427.7 448.1 436.7 442.8 442.8C436.7 448.1 427.7 451.3 419.3 448.9L357.3 431.4L341.4 493.9C339.3 502.3 332.8 508.9 324.4 511.2C315.1 513.4 307 510.1 300.1 504.7L256 458.5L211 504.7C204.1 510.1 196 513.4 187.6 511.2C179.2 508.9 172.7 502.3 170.6 493.9L154.7 431.4L92.69 448.9C84.33 451.3 75.34 448.1 69.19 442.8C63.05 436.7 60.71 427.7 63.07 419.3L80.6 357.3L18.1 341.4C9.679 339.3 3.068 332.8 .8186 324.4C-1.431 315.1 1.034 307 7.261 300.1L53.46 256L7.261 211C1.034 204.1-1.431 196 .8186 187.6C3.068 179.2 9.679 172.7 18.1 170.6L80.6 154.7L63.07 92.69C60.71 84.33 63.05 75.34 69.19 69.19C75.34 63.05 84.33 60.71 92.69 63.07L154.7 80.6L170.6 18.1C172.7 9.679 179.2 3.068 187.6 .8185C196-1.431 204.1 1.034 211 7.261L256 53.46z\"><\/path><\/svg><\/div><div class=\"uagb-ifb-title-wrap\"><h5 class=\"uagb-ifb-title\">Calidad\u200b<\/h5><\/div><p class=\"uagb-ifb-desc\">Ofrecemos una amplia infraestructura que cumple los requerimientos para ense\u00f1ar a conducir a nuestros estudiantes  .<\/p><\/div><\/div>\n<\/div>\n\n\n\n<div class=\"wp-block-uagb-container uagb-block-99a8277c\">\n<div class=\"wp-block-uagb-info-box uagb-block-21bec32e uagb-infobox__content-wrap  uagb-infobox-icon-above-title uagb-infobox-image-valign-top\"><div class=\"uagb-ifb-content\"><div class=\"uagb-ifb-icon-wrap\"><svg xmlns=\"https:\/\/www.w3.org\/2000\/svg\" viewBox=\"0 0 512 512\"><path d=\"M0 190.9V185.1C0 115.2 50.52 55.58 119.4 44.1C164.1 36.51 211.4 51.37 244 84.02L256 96L267.1 84.02C300.6 51.37 347 36.51 392.6 44.1C461.5 55.58 512 115.2 512 185.1V190.9C512 232.4 494.8 272.1 464.4 300.4L283.7 469.1C276.2 476.1 266.3 480 256 480C245.7 480 235.8 476.1 228.3 469.1L47.59 300.4C17.23 272.1 .0003 232.4 .0003 190.9L0 190.9z\"><\/path><\/svg><\/div><div class=\"uagb-ifb-title-wrap\"><h5 class=\"uagb-ifb-title\">Honestidad\u200b\u200b<\/h5><\/div><p class=\"uagb-ifb-desc\">Tu Bienestar es lo mas importante para nosotros por eso mantenemos excelente comunicaci\u00f3n clara y precisa.<\/p><\/div><\/div>\n<\/div>\n\n\n\n<div class=\"wp-block-uagb-container uagb-block-b025f7d3\">\n<div class=\"wp-block-uagb-info-box uagb-block-dedff8f4 uagb-infobox__content-wrap  uagb-infobox-icon-above-title uagb-infobox-image-valign-top\"><div class=\"uagb-ifb-content\"><div class=\"uagb-ifb-icon-wrap\"><svg xmlns=\"https:\/\/www.w3.org\/2000\/svg\" viewBox=\"0 0 640 512\"><path d=\"M95.1 64C95.1 28.65 124.7 0 159.1 0C195.3 0 223.1 28.65 223.1 64C223.1 99.35 195.3 128 159.1 128C124.7 128 95.1 99.35 95.1 64zM88 480V400H70.2C59.28 400 51.57 389.3 55.02 378.9L86.16 285.5L57.5 323.3C46.82 337.4 26.75 340.2 12.67 329.5C-1.415 318.8-4.175 298.7 6.503 284.7L65.4 206.1C87.84 177.4 122.9 160 160 160C197.2 160 232.2 177.4 254.6 206.1L313.5 284.7C324.2 298.7 321.4 318.8 307.3 329.5C293.3 340.2 273.2 337.4 262.5 323.3L233.9 285.6L264.1 378.9C268.4 389.3 260.7 400 249.8 400H232V480C232 497.7 217.7 512 200 512C182.3 512 168 497.7 168 480V400H152V480C152 497.7 137.7 512 120 512C102.3 512 88 497.7 88 480H88zM416 64C416 28.65 444.7 0 480 0C515.3 0 544 28.65 544 64C544 99.35 515.3 128 480 128C444.7 128 416 99.35 416 64V64zM472 384V480C472 497.7 457.7 512 440 512C422.3 512 408 497.7 408 480V300.5L395.1 321C385.7 336 365.9 340.5 350.1 331.1C336 321.7 331.5 301.9 340.9 286.1L392.6 204.9C410.2 176.9 440.9 159.1 473.8 159.1H486.2C519.2 159.1 549.8 176.9 567.4 204.9L619.1 286.1C628.5 301.9 624 321.7 609 331.1C594.1 340.5 574.3 336 564.9 321L552 300.5V480C552 497.7 537.7 512 520 512C502.3 512 488 497.7 488 480V384L472 384z\"><\/path><\/svg><\/div><div class=\"uagb-ifb-title-wrap\"><h5 class=\"uagb-ifb-title\">Orientaci\u00f3n al Cliente<\/h5><\/div><p class=\"uagb-ifb-desc\">This is a short description elaborating the service you have mentioned above.<\/p><\/div><\/div>\n<\/div>\n<\/div>\n\n\n\n<div class=\"wp-block-uagb-container uagb-block-e730c463\">\n<div class=\"wp-block-uagb-container uagb-block-dcff5d01\">\n<div class=\"wp-block-uagb-info-box uagb-block-f8b8c023 uagb-infobox__content-wrap  uagb-infobox-icon-above-title uagb-infobox-image-valign-top\"><div class=\"uagb-ifb-content\"><div class=\"uagb-ifb-icon-wrap\"><svg xmlns=\"https:\/\/www.w3.org\/2000\/svg\" viewBox=\"0 0 448 512\"><path d=\"M160 32V64H288V32C288 14.33 302.3 0 320 0C337.7 0 352 14.33 352 32V64H400C426.5 64 448 85.49 448 112V160H0V112C0 85.49 21.49 64 48 64H96V32C96 14.33 110.3 0 128 0C145.7 0 160 14.33 160 32zM0 192H448V464C448 490.5 426.5 512 400 512H48C21.49 512 0 490.5 0 464V192zM80 256C71.16 256 64 263.2 64 272V368C64 376.8 71.16 384 80 384H176C184.8 384 192 376.8 192 368V272C192 263.2 184.8 256 176 256H80z\"><\/path><\/svg><\/div><div class=\"uagb-ifb-title-wrap\"><h5 class=\"uagb-ifb-title\">Puntualidad\u200b<\/h5><\/div><p class=\"uagb-ifb-desc\">This is a short description elaborating the service you have mentioned above.<\/p><\/div><\/div>\n<\/div>\n\n\n\n<div class=\"wp-block-uagb-container uagb-block-eec7b7a7\">\n<div class=\"wp-block-uagb-info-box uagb-block-acddb04e uagb-infobox__content-wrap  uagb-infobox-icon-above-title uagb-infobox-image-valign-top\"><div class=\"uagb-ifb-content\"><div class=\"uagb-ifb-icon-wrap\"><svg xmlns=\"https:\/\/www.w3.org\/2000\/svg\" viewBox=\"0 0 576 512\"><path d=\"M32 48C32 21.49 53.49 0 80 0C106.5 0 128 21.49 128 48C128 74.51 106.5 96 80 96C53.49 96 32 74.51 32 48V48zM118.3 128C130.1 128 143.5 130.5 155.2 135.4L289.3 191.2C302.6 171.1 320.1 156.6 342.7 146.9L353.7 142C374.5 132.8 396.1 128 419.7 128C464.3 128 504.5 154.8 521.6 195.9L536.1 232.7L558.3 243.4C574.1 251.3 580.5 270.5 572.6 286.3C564.7 302.1 545.5 308.5 529.7 300.6L503 287.3C492.7 282.1 484.6 273.4 480.2 262.8L470.6 239.8L451.3 305.3L500.8 359.4C506.2 365.3 510.1 372.4 512 380.2L535 472.2C539.3 489.4 528.9 506.8 511.8 511C494.6 515.3 477.2 504.9 472.1 487.8L450.9 399.6L380.3 322.5C365.5 306.4 359.1 283.9 365.6 262.8L382.5 199.3C381.6 199.7 380.6 200.1 379.7 200.5L368.7 205.4C353.4 212.2 341.4 224.6 335.2 240.1L333.7 243.9C328.6 256.7 316.1 264.4 303 263.1C299.2 263.9 295.4 263.1 291.7 261.5L173.3 212.2L231.2 473.1C235.1 490.3 224.2 507.4 206.9 511.2C189.7 515.1 172.6 504.2 168.8 486.9L138.8 352H123.1L143.6 474.7C146.5 492.2 134.7 508.7 117.3 511.6C99.83 514.5 83.34 502.7 80.44 485.3L56.35 340.8C50.48 347.6 41.75 352 32 352C14.33 352 0 337.7 0 319.1V191.1C0 156.7 28.65 127.1 64 127.1L118.3 128zM416 48C416 21.49 437.5 0 464 0C490.5 0 512 21.49 512 48C512 74.51 490.5 96 464 96C437.5 96 416 74.51 416 48V48zM356.7 344.2L397.4 388.6L382.9 424.8C380.5 430.9 376.9 436.4 372.3 440.9L310.6 502.6C298.1 515.1 277.9 515.1 265.4 502.6C252.9 490.1 252.9 469.9 265.4 457.4L324.7 398L349.7 335.6C351.8 338.6 354.2 341.4 356.7 344.2H356.7z\"><\/path><\/svg><\/div><div class=\"uagb-ifb-title-wrap\"><h5 class=\"uagb-ifb-title\">Trabajo en Equipo <\/h5><\/div><p class=\"uagb-ifb-desc\">This is a short description elaborating the service you have mentioned above.<\/p><\/div><\/div>\n<\/div>\n\n\n\n<div class=\"wp-block-uagb-container uagb-block-7cce3907\">\n<div class=\"wp-block-uagb-info-box uagb-block-0858b4de uagb-infobox__content-wrap  uagb-infobox-icon-above-title uagb-infobox-image-valign-top\"><div class=\"uagb-ifb-content\"><div class=\"uagb-ifb-icon-wrap\"><svg xmlns=\"https:\/\/www.w3.org\/2000\/svg\" viewBox=\"0 0 640 512\"><path d=\"M160 48C160 21.49 181.5 0 208 0C234.5 0 256 21.49 256 48C256 74.51 234.5 96 208 96C181.5 96 160 74.51 160 48V48zM112.7 205.4C97.41 212.2 85.42 224.6 79.22 240.1L77.71 243.9C71.15 260.3 52.53 268.3 36.12 261.7C19.71 255.1 11.73 236.5 18.29 220.1L19.8 216.3C32.19 185.4 56.18 160.5 86.66 146.9L97.66 142C118.5 132.8 140.1 128 163.7 128C208.3 128 248.5 154.8 265.6 195.9L280.1 232.7L302.3 243.4C318.1 251.3 324.5 270.5 316.6 286.3C308.7 302.1 289.5 308.5 273.7 300.6L247 287.3C236.7 282.1 228.6 273.4 224.2 262.8L214.6 239.8L195.3 305.3L244.8 359.4C250.2 365.3 254.1 372.4 256 380.2L279 472.2C283.3 489.4 272.9 506.8 255.8 511C238.6 515.3 221.2 504.9 216.1 487.8L194.9 399.6L124.3 322.5C109.5 306.4 103.1 283.9 109.6 262.8L126.5 199.3C125.6 199.7 124.6 200.1 123.7 200.5L112.7 205.4zM100.7 344.2L141.4 388.6L126.9 424.8C124.5 430.9 120.9 436.4 116.3 440.9L54.63 502.6C42.13 515.1 21.87 515.1 9.372 502.6C-3.124 490.1-3.124 469.9 9.372 457.4L68.73 398L93.69 335.6C95.84 338.6 98.17 341.4 100.7 344.2H100.7zM361.4 374.6C348.9 362.1 348.9 341.9 361.4 329.4L441.4 249.4C453.9 236.9 474.1 236.9 486.6 249.4C499.1 261.9 499.1 282.1 486.6 294.6L461.3 320H480C533 320 576 277 576 224C576 170.1 533 128 480 128H352C334.3 128 319.1 113.7 319.1 96C319.1 78.33 334.3 64 352 64H480C568.4 64 640 135.6 640 224C640 312.4 568.4 384 480 384H461.3L486.6 409.4C499.1 421.9 499.1 442.1 486.6 454.6C474.1 467.1 453.9 467.1 441.4 454.6L361.4 374.6z\"><\/path><\/svg><\/div><div class=\"uagb-ifb-title-wrap\"><h5 class=\"uagb-ifb-title\">Responsabilidad Social\u200b<\/h5><\/div><p class=\"uagb-ifb-desc\">This is a short description elaborating the service you have mentioned above.<\/p><\/div><\/div>\n<\/div>\n<\/div>\n<\/div>\n\n\n\t\t\t<div data-aos= \"fade-down\" data-aos-duration=\"400\" data-aos-delay=\"0\" data-aos-easing=\"ease\" data-aos-once=\"true\" \n\t\t\tclass=\"wp-block-uagb-google-map uagb-google-map__wrap uagb-block-7ae51a7e     \"\n\t\t\tstyle=\"\" >\n\t\t\t\t<iframe\n\t\t\t\t\tclass=\"uagb-google-map__iframe\"\n\t\t\t\t\ttitle=\"Google Map for \"\n\t\t\t\t\tsrc=\"https:\/\/maps.google.com\/maps?q=CEA%20MOTOR%20GT&#038;z=14&#038;hl=es&#038;t=m&#038;output=embed&#038;iwloc=near\"\n\t\t\t\t\twidth=\"640\"\n\t\t\t\t\theight=\"300\"\n\t\t\t\t\tloading=\"lazy\"\n\t\t\t\t><\/iframe>\n\t\t\t<\/div>\n\t\t\t<\/div><\/div>\n\n\n\n<div class=\"wp-block-uagb-container uagb-block-e38c35d1 alignfull uagb-is-root-container\"><div class=\"uagb-container-inner-blocks-wrap\">\n<div class=\"wp-block-uagb-container uagb-block-151caba5\">\n<div class=\"wp-block-uagb-advanced-heading uagb-block-c9713447\"><h6 class=\"uagb-heading-text\">VISI\u00d3N<\/h6><\/div>\n\n\n\n<p><br>En el a\u00f1o 2027 seremos reconocidos en Bogot\u00e1 como una instituci\u00f3n l\u00edder en la formaci\u00f3n integral de conductores y asesor\u00eda especializada de empresas en seguridad vial, con altos est\u00e1ndares de calidad, y con una amplia oferta de servicios para fortalecer la seguridad y responsabilidad vial, aportando a la construcci\u00f3n de una ciudad y comunidad sostenible<\/p>\n<\/div>\n\n\n\n<figure class=\"wp-block-table\"><table class=\"has-ast-global-color-0-color has-text-color\"><thead><tr><th>Requisitos<\/th><th>Tipo<\/th><th class=\"has-text-align-center\" data-align=\"center\">Entidad<\/th><th>ID<\/th><\/tr><\/thead><tbody><tr><td>1<\/td><td>Licencia de Funcionamiento<\/td><td class=\"has-text-align-center\" data-align=\"center\"><img decoding=\"async\" loading=\"lazy\" width=\"720\" height=\"539\" class=\"wp-image-2919\" style=\"width: 100px;\" src=\"https:\/\/motorgt.com.co\/wp-content\/uploads\/2023\/10\/alcaldia_mayor_bogota.png\" alt=\"\" srcset=\"https:\/\/motorgt.com.co\/wp-content\/uploads\/2023\/10\/alcaldia_mayor_bogota.png 720w, https:\/\/motorgt.com.co\/wp-content\/uploads\/2023\/10\/alcaldia_mayor_bogota-300x225.png 300w\" sizes=\"(max-width: 720px) 100vw, 720px\" \/><\/td><td><strong>N\u00b0 13-193<\/strong><\/td><\/tr><tr><td>2<\/td><td>Resoluci\u00f3n de Habilitaci\u00f3n <\/td><td class=\"has-text-align-center\" data-align=\"center\"><img decoding=\"async\" loading=\"lazy\" width=\"1200\" height=\"436\" class=\"wp-image-2922\" style=\"width: 150px;\" src=\"https:\/\/motorgt.com.co\/wp-content\/uploads\/2023\/10\/Logo_Ministerio_de_Transporte_Colombia_2022-2026.png\" alt=\"\" srcset=\"https:\/\/motorgt.com.co\/wp-content\/uploads\/2023\/10\/Logo_Ministerio_de_Transporte_Colombia_2022-2026.png 1200w, https:\/\/motorgt.com.co\/wp-content\/uploads\/2023\/10\/Logo_Ministerio_de_Transporte_Colombia_2022-2026-300x109.png 300w, https:\/\/motorgt.com.co\/wp-content\/uploads\/2023\/10\/Logo_Ministerio_de_Transporte_Colombia_2022-2026-1024x372.png 1024w, https:\/\/motorgt.com.co\/wp-content\/uploads\/2023\/10\/Logo_Ministerio_de_Transporte_Colombia_2022-2026-768x279.png 768w\" sizes=\"(max-width: 1200px) 100vw, 1200px\" \/><\/td><td><strong>N\u00b0 0000598<\/strong><\/td><\/tr><tr><td>3<\/td><td>Certificado de Conformidad <\/td><td class=\"has-text-align-center\" data-align=\"center\"><img decoding=\"async\" loading=\"lazy\" width=\"144\" height=\"80\" class=\"wp-image-2926\" style=\"width: 110px;\" src=\"https:\/\/motorgt.com.co\/wp-content\/uploads\/2023\/10\/Captura_de_Pantalla_2023-03-02_a_la_s__11.03.57_a._m.-removebg-preview-2.png\" alt=\"\"><\/td><td><strong>N\u00b0 0115001420-20<\/strong><\/td><\/tr><\/tbody><\/table><\/figure>\n<\/div><\/div>\n","protected":false},"excerpt":{"rendered":"<p>NOSOTROS VISI\u00d3N En el a\u00f1o 2027 seremos reconocidos en Bogot\u00e1 como una instituci\u00f3n l\u00edder en la formaci\u00f3n integral de conductores y asesor\u00eda especializada de empresas en seguridad vial, con altos est\u00e1ndares de calidad, y con una amplia oferta de servicios para fortalecer la seguridad y responsabilidad vial, aportando a la construcci\u00f3n de una ciudad y &hellip;<\/p>\n<p class=\"read-more\"> <a class=\"\" href=\"https:\/\/motorgt.com.co\/index.php\/nosotros\/\"> <span class=\"screen-reader-text\">Nosotros<\/span> Leer m\u00e1s &raquo;<\/a><\/p>\n","protected":false},"author":1,"featured_media":0,"parent":0,"menu_order":0,"comment_status":"closed","ping_status":"closed","template":"","meta":{"_uag_custom_page_level_css":"","site-sidebar-layout":"default","site-content-layout":"page-builder","ast-global-header-display":"","ast-banner-title-visibility":"","ast-main-header-display":"","ast-hfb-above-header-display":"","ast-hfb-below-header-display":"","ast-hfb-mobile-header-display":"","site-post-title":"disabled","ast-breadcrumbs-content":"","ast-featured-img":"","footer-sml-layout":"","theme-transparent-header-meta":"enabled","adv-header-id-meta":"","stick-header-meta":"","header-above-stick-meta":"","header-main-stick-meta":"","header-below-stick-meta":"","_joinchat":[]},"uagb_featured_image_src":{"full":false,"thumbnail":false,"medium":false,"medium_large":false,"large":false,"1536x1536":false,"2048x2048":false,"mailpoet_newsletter_max":false},"uagb_author_info":{"display_name":"Mundigraphics","author_link":"https:\/\/motorgt.com.co\/index.php\/author\/mundigraphics\/"},"uagb_comment_info":0,"uagb_excerpt":"NOSOTROS VISI\u00d3N En el a\u00f1o 2027 seremos reconocidos en Bogot\u00e1 como una instituci\u00f3n l\u00edder en la formaci\u00f3n integral de conductores y asesor\u00eda especializada de empresas en seguridad vial, con altos est\u00e1ndares de calidad, y con una amplia oferta de servicios para fortalecer la seguridad y responsabilidad vial, aportando a la construcci\u00f3n de una ciudad y&hellip;","_links":{"self":[{"href":"https:\/\/motorgt.com.co\/index.php\/wp-json\/wp\/v2\/pages\/1811"}],"collection":[{"href":"https:\/\/motorgt.com.co\/index.php\/wp-json\/wp\/v2\/pages"}],"about":[{"href":"https:\/\/motorgt.com.co\/index.php\/wp-json\/wp\/v2\/types\/page"}],"author":[{"embeddable":true,"href":"https:\/\/motorgt.com.co\/index.php\/wp-json\/wp\/v2\/users\/1"}],"replies":[{"embeddable":true,"href":"https:\/\/motorgt.com.co\/index.php\/wp-json\/wp\/v2\/comments?post=1811"}],"version-history":[{"count":15,"href":"https:\/\/motorgt.com.co\/index.php\/wp-json\/wp\/v2\/pages\/1811\/revisions"}],"predecessor-version":[{"id":2927,"href":"https:\/\/motorgt.com.co\/index.php\/wp-json\/wp\/v2\/pages\/1811\/revisions\/2927"}],"wp:attachment":[{"href":"https:\/\/motorgt.com.co\/index.php\/wp-json\/wp\/v2\/media?parent=1811"}],"curies":[{"name":"wp","href":"https:\/\/api.w.org\/{rel}","templated":true}]}}